{"id":773,"date":"2017-09-05T15:17:30","date_gmt":"2017-09-05T18:17:30","guid":{"rendered":"https:\/\/www.estadios.net\/mineirao\/?page_id=773"},"modified":"2018-03-14T15:44:07","modified_gmt":"2018-03-14T18:44:07","slug":"tour-virtual-no-estadio-do-mineirao","status":"publish","type":"page","link":"https:\/\/www.estadios.net\/mineirao\/tour-virtual-no-estadio-do-mineirao\/","title":{"rendered":"Tour Virtual no Est\u00e1dio do Mineir\u00e3o"},"content":{"rendered":"<p>Neste\u00a0<strong>Tour Virtual<\/strong>\u00a0pelo est\u00e1dio\u00a0<em>Mineir\u00e3o<\/em>\u00a0voc\u00ea poder\u00e1 conhecer mais a \u00e1rea do gramado e outras partes do est\u00e1dio. Confira abaixo:<\/p>\n<p><iframe loading=\"lazy\" style=\"border: 0;\" src=\"https:\/\/www.google.com\/maps\/embed?pb=!4v1521053019085!6m8!1m7!1sk3fq8tDCHAHmIEbQJiJ9Zg!2m2!1d-19.86813914000723!2d-43.9709495519804!3f350.8481482847788!4f4.725326527523322!5f0.7820865974627469\" width=\"800\" height=\"600\" frameborder=\"0\" allowfullscreen=\"allowfullscreen\"><\/iframe><\/p>\n<p><iframe loading=\"lazy\" style=\"border: 0;\" src=\"https:\/\/www.google.com\/maps\/embed?pb=!4v1521052863098!6m8!1m7!1sGLjAqR01BwLz6UtCJbgNRA!2m2!1d-19.86603669153753!2d-43.97113357125852!3f4.576134473715449!4f10.215072335107791!5f0.7820865974627469\" width=\"800\" height=\"600\" frameborder=\"0\" allowfullscreen=\"allowfullscreen\"><\/iframe><\/p>\n","protected":false},"excerpt":{"rendered":"<p>Neste\u00a0Tour Virtual\u00a0pelo est\u00e1dio\u00a0Mineir\u00e3o\u00a0voc\u00ea poder\u00e1 conhecer mais a \u00e1rea do gramado e outras partes do est\u00e1dio. Confira abaixo:<\/p>\n","protected":false},"author":1,"featured_media":0,"parent":0,"menu_order":0,"comment_status":"closed","ping_status":"closed","template":"","meta":{"footnotes":""},"class_list":["post-773","page","type-page","status-publish","hentry"],"yoast_head":"<!-- This site is optimized with the Yoast SEO plugin v25.8 - https:\/\/yoast.com\/wordpress\/plugins\/seo\/ -->\n<title>Tour Virtual no Est\u00e1dio do Mineir\u00e3o<\/title>\n<meta name=\"description\" content=\"Confira o Tour Virtual do Est\u00e1dio Mineir\u00e3o e veja em detalhes a entrada, gramado, arquibancadas e muito mais. CLIQUE AQUI!\" \/>\n<meta name=\"robots\" content=\"index, follow, max-snippet:-1, max-image-preview:large, max-video-preview:-1\" \/>\n<link rel=\"canonical\" href=\"https:\/\/www.estadios.net\/mineirao\/tour-virtual-no-estadio-do-mineirao\/\" \/>\n<meta property=\"og:locale\" content=\"pt_BR\" \/>\n<meta property=\"og:type\" content=\"article\" \/>\n<meta property=\"og:title\" content=\"Tour Virtual no Est\u00e1dio do Mineir\u00e3o\" \/>\n<meta property=\"og:description\" content=\"Confira o Tour Virtual do Est\u00e1dio Mineir\u00e3o e veja em detalhes a entrada, gramado, arquibancadas e muito mais. CLIQUE AQUI!\" \/>\n<meta property=\"og:url\" content=\"https:\/\/www.estadios.net\/mineirao\/tour-virtual-no-estadio-do-mineirao\/\" \/>\n<meta property=\"og:site_name\" content=\"Est\u00e1dio do Mineir\u00e3o\" \/>\n<meta property=\"article:modified_time\" content=\"2018-03-14T18:44:07+00:00\" \/>\n<meta name=\"twitter:card\" content=\"summary_large_image\" \/>\n<script type=\"application\/ld+json\" class=\"yoast-schema-graph\">{\"@context\":\"https:\/\/schema.org\",\"@graph\":[{\"@type\":\"WebPage\",\"@id\":\"https:\/\/www.estadios.net\/mineirao\/tour-virtual-no-estadio-do-mineirao\/\",\"url\":\"https:\/\/www.estadios.net\/mineirao\/tour-virtual-no-estadio-do-mineirao\/\",\"name\":\"Tour Virtual no Est\u00e1dio do Mineir\u00e3o\",\"isPartOf\":{\"@id\":\"https:\/\/www.estadios.net\/mineirao\/#website\"},\"datePublished\":\"2017-09-05T18:17:30+00:00\",\"dateModified\":\"2018-03-14T18:44:07+00:00\",\"description\":\"Confira o Tour Virtual do Est\u00e1dio Mineir\u00e3o e veja em detalhes a entrada, gramado, arquibancadas e muito mais. CLIQUE AQUI!\",\"breadcrumb\":{\"@id\":\"https:\/\/www.estadios.net\/mineirao\/tour-virtual-no-estadio-do-mineirao\/#breadcrumb\"},\"inLanguage\":\"pt-BR\",\"potentialAction\":[{\"@type\":\"ReadAction\",\"target\":[\"https:\/\/www.estadios.net\/mineirao\/tour-virtual-no-estadio-do-mineirao\/\"]}]},{\"@type\":\"BreadcrumbList\",\"@id\":\"https:\/\/www.estadios.net\/mineirao\/tour-virtual-no-estadio-do-mineirao\/#breadcrumb\",\"itemListElement\":[{\"@type\":\"ListItem\",\"position\":1,\"name\":\"In\u00edcio\",\"item\":\"https:\/\/www.estadios.net\/mineirao\/\"},{\"@type\":\"ListItem\",\"position\":2,\"name\":\"Tour Virtual no Est\u00e1dio do Mineir\u00e3o\"}]},{\"@type\":\"WebSite\",\"@id\":\"https:\/\/www.estadios.net\/mineirao\/#website\",\"url\":\"https:\/\/www.estadios.net\/mineirao\/\",\"name\":\"Est\u00e1dio do Mineir\u00e3o\",\"description\":\"Est\u00e1dio do Mineir\u00e3o\",\"potentialAction\":[{\"@type\":\"SearchAction\",\"target\":{\"@type\":\"EntryPoint\",\"urlTemplate\":\"https:\/\/www.estadios.net\/mineirao\/?s={search_term_string}\"},\"query-input\":{\"@type\":\"PropertyValueSpecification\",\"valueRequired\":true,\"valueName\":\"search_term_string\"}}],\"inLanguage\":\"pt-BR\"}]}<\/script>\n<!-- \/ Yoast SEO plugin. -->","yoast_head_json":{"title":"Tour Virtual no Est\u00e1dio do Mineir\u00e3o","description":"Confira o Tour Virtual do Est\u00e1dio Mineir\u00e3o e veja em detalhes a entrada, gramado, arquibancadas e muito mais. CLIQUE AQUI!","robots":{"index":"index","follow":"follow","max-snippet":"max-snippet:-1","max-image-preview":"max-image-preview:large","max-video-preview":"max-video-preview:-1"},"canonical":"https:\/\/www.estadios.net\/mineirao\/tour-virtual-no-estadio-do-mineirao\/","og_locale":"pt_BR","og_type":"article","og_title":"Tour Virtual no Est\u00e1dio do Mineir\u00e3o","og_description":"Confira o Tour Virtual do Est\u00e1dio Mineir\u00e3o e veja em detalhes a entrada, gramado, arquibancadas e muito mais. CLIQUE AQUI!","og_url":"https:\/\/www.estadios.net\/mineirao\/tour-virtual-no-estadio-do-mineirao\/","og_site_name":"Est\u00e1dio do Mineir\u00e3o","article_modified_time":"2018-03-14T18:44:07+00:00","twitter_card":"summary_large_image","schema":{"@context":"https:\/\/schema.org","@graph":[{"@type":"WebPage","@id":"https:\/\/www.estadios.net\/mineirao\/tour-virtual-no-estadio-do-mineirao\/","url":"https:\/\/www.estadios.net\/mineirao\/tour-virtual-no-estadio-do-mineirao\/","name":"Tour Virtual no Est\u00e1dio do Mineir\u00e3o","isPartOf":{"@id":"https:\/\/www.estadios.net\/mineirao\/#website"},"datePublished":"2017-09-05T18:17:30+00:00","dateModified":"2018-03-14T18:44:07+00:00","description":"Confira o Tour Virtual do Est\u00e1dio Mineir\u00e3o e veja em detalhes a entrada, gramado, arquibancadas e muito mais. CLIQUE AQUI!","breadcrumb":{"@id":"https:\/\/www.estadios.net\/mineirao\/tour-virtual-no-estadio-do-mineirao\/#breadcrumb"},"inLanguage":"pt-BR","potentialAction":[{"@type":"ReadAction","target":["https:\/\/www.estadios.net\/mineirao\/tour-virtual-no-estadio-do-mineirao\/"]}]},{"@type":"BreadcrumbList","@id":"https:\/\/www.estadios.net\/mineirao\/tour-virtual-no-estadio-do-mineirao\/#breadcrumb","itemListElement":[{"@type":"ListItem","position":1,"name":"In\u00edcio","item":"https:\/\/www.estadios.net\/mineirao\/"},{"@type":"ListItem","position":2,"name":"Tour Virtual no Est\u00e1dio do Mineir\u00e3o"}]},{"@type":"WebSite","@id":"https:\/\/www.estadios.net\/mineirao\/#website","url":"https:\/\/www.estadios.net\/mineirao\/","name":"Est\u00e1dio do Mineir\u00e3o","description":"Est\u00e1dio do Mineir\u00e3o","potentialAction":[{"@type":"SearchAction","target":{"@type":"EntryPoint","urlTemplate":"https:\/\/www.estadios.net\/mineirao\/?s={search_term_string}"},"query-input":{"@type":"PropertyValueSpecification","valueRequired":true,"valueName":"search_term_string"}}],"inLanguage":"pt-BR"}]}},"_links":{"self":[{"href":"https:\/\/www.estadios.net\/mineirao\/wp-json\/wp\/v2\/pages\/773","targetHints":{"allow":["GET"]}}],"collection":[{"href":"https:\/\/www.estadios.net\/mineirao\/wp-json\/wp\/v2\/pages"}],"about":[{"href":"https:\/\/www.estadios.net\/mineirao\/wp-json\/wp\/v2\/types\/page"}],"author":[{"embeddable":true,"href":"https:\/\/www.estadios.net\/mineirao\/wp-json\/wp\/v2\/users\/1"}],"replies":[{"embeddable":true,"href":"https:\/\/www.estadios.net\/mineirao\/wp-json\/wp\/v2\/comments?post=773"}],"version-history":[{"count":0,"href":"https:\/\/www.estadios.net\/mineirao\/wp-json\/wp\/v2\/pages\/773\/revisions"}],"wp:attachment":[{"href":"https:\/\/www.estadios.net\/mineirao\/wp-json\/wp\/v2\/media?parent=773"}],"curies":[{"name":"wp","href":"https:\/\/api.w.org\/{rel}","templated":true}]}}