{"id":644,"date":"2017-09-04T13:21:21","date_gmt":"2017-09-04T16:21:21","guid":{"rendered":"https:\/\/www.estadios.net\/mineirao\/?page_id=644"},"modified":"2018-02-14T13:26:07","modified_gmt":"2018-02-14T15:26:07","slug":"mapa-estadio-do-mineirao","status":"publish","type":"page","link":"https:\/\/www.estadios.net\/mineirao\/mapa-estadio-do-mineirao\/","title":{"rendered":"Mapa Est\u00e1dio do Mineir\u00e3o"},"content":{"rendered":"<p>O <strong>Mineir\u00e3o<\/strong> possui vasta tecnologia implantada em todo o seu complexo. Como destaque, o sistema de ilumina\u00e7\u00e3o inteligente, que permite o controle autom\u00e1tico da intensidade da luminosidade das l\u00e2mpadas. Com isso, \u00e9 poss\u00edvel atingir uma economia de at\u00e9 30% na conta de energia.<\/p>\n<p>Ainda sobre economia, as centrais de \u00e1gua gelada do sistema de ar condicionado s\u00e3o totalmente automatizadas, possibilitando programa\u00e7\u00e3o hor\u00e1ria de funcionamento e controle de manuten\u00e7\u00e3o. Todas as portas do Est\u00e1dio possuem controle de acesso e em todos os ambientes foram instalados detectores de inc\u00eandio.<\/p>\n<p>O sistema de sonoriza\u00e7\u00e3o ambiente possui aproximadamente 3 mil caixas ac\u00fasticas, utilizadas para difundir informa\u00e7\u00f5es, m\u00fasicas ou mensagens\/alarmes de emerg\u00eancia. Todos os sistemas est\u00e3o integrados a um software de gerenciamento predial ( BMS ), que possibilita o acesso e o controle de forma remota, gerando economia e contribuindo para a sustentabilidade do Gigante da Pampulha.<\/p>\n<h2>Mapa do Mineir\u00e3o<\/h2>\n<p><img loading=\"lazy\" decoding=\"async\" class=\"alignnone wp-image-1187 size-full\" title=\"Mapa Est\u00e1dio do Mineir\u00e3o\" src=\"https:\/\/www.estadios.net\/mineirao\/wp-content\/uploads\/2017\/09\/mapa-mineirao-1.jpg\" alt=\"Mapa Est\u00e1dio do Mineir\u00e3o\" width=\"680\" height=\"440\" \/><\/p>\n<h3>Port\u00f5es de Acesso<\/h3>\n<p>O Mineir\u00e3o possui duas entradas principais,\u00a0<em>Esplanada Sul e Norte<\/em>. O est\u00e1dio conta com seis port\u00f5es de acesso ( A, B, C, D, E e F ) que d\u00e3o acesso \u00e0s depend\u00eancias internas.<\/p>\n<h3>Mapa Mineir\u00e3o<\/h3>\n<p><img loading=\"lazy\" decoding=\"async\" class=\"wp-image-1188 size-full alignnone\" src=\"https:\/\/www.estadios.net\/mineirao\/wp-content\/uploads\/2017\/09\/mineirao-mapa.jpg\" alt=\"\" width=\"680\" height=\"441\" \/><\/p>\n","protected":false},"excerpt":{"rendered":"<p>O Mineir\u00e3o possui vasta tecnologia implantada em todo o seu complexo. Como destaque, o sistema de ilumina\u00e7\u00e3o inteligente, que permite o controle autom\u00e1tico da intensidade da luminosidade das l\u00e2mpadas. Com isso, \u00e9 poss\u00edvel atingir uma economia de at\u00e9 30% na conta de energia. Ainda sobre economia, as centrais de \u00e1gua gelada do sistema de ar [&hellip;]<\/p>\n","protected":false},"author":1,"featured_media":0,"parent":0,"menu_order":0,"comment_status":"closed","ping_status":"closed","template":"","meta":{"footnotes":""},"class_list":["post-644","page","type-page","status-publish","hentry"],"yoast_head":"<!-- This site is optimized with the Yoast SEO plugin v25.8 - https:\/\/yoast.com\/wordpress\/plugins\/seo\/ -->\n<title>Mapa Est\u00e1dio do Mineir\u00e3o<\/title>\n<meta name=\"description\" content=\"Veja os mapas com acessos e as ruas ao redor do Est\u00e1dio do Mineir\u00e3o, confira port\u00f5es, ruas, locais pr\u00f3ximos e pontos de \u00f4nibus. CLIQUE AQUI!\" \/>\n<meta name=\"robots\" content=\"index, follow, max-snippet:-1, max-image-preview:large, max-video-preview:-1\" \/>\n<link rel=\"canonical\" href=\"https:\/\/www.estadios.net\/mineirao\/mapa-estadio-do-mineirao\/\" \/>\n<meta property=\"og:locale\" content=\"pt_BR\" \/>\n<meta property=\"og:type\" content=\"article\" \/>\n<meta property=\"og:title\" content=\"Mapa Est\u00e1dio do Mineir\u00e3o\" \/>\n<meta property=\"og:description\" content=\"Veja os mapas com acessos e as ruas ao redor do Est\u00e1dio do Mineir\u00e3o, confira port\u00f5es, ruas, locais pr\u00f3ximos e pontos de \u00f4nibus. CLIQUE AQUI!\" \/>\n<meta property=\"og:url\" content=\"https:\/\/www.estadios.net\/mineirao\/mapa-estadio-do-mineirao\/\" \/>\n<meta property=\"og:site_name\" content=\"Est\u00e1dio do Mineir\u00e3o\" \/>\n<meta property=\"article:modified_time\" content=\"2018-02-14T15:26:07+00:00\" \/>\n<meta property=\"og:image\" content=\"https:\/\/www.estadios.net\/mineirao\/wp-content\/uploads\/2017\/09\/mapa-mineirao-1.jpg\" \/>\n<meta name=\"twitter:card\" content=\"summary_large_image\" \/>\n<meta name=\"twitter:label1\" content=\"Est. tempo de leitura\" \/>\n\t<meta name=\"twitter:data1\" content=\"1 minuto\" \/>\n<script type=\"application\/ld+json\" class=\"yoast-schema-graph\">{\"@context\":\"https:\/\/schema.org\",\"@graph\":[{\"@type\":\"WebPage\",\"@id\":\"https:\/\/www.estadios.net\/mineirao\/mapa-estadio-do-mineirao\/\",\"url\":\"https:\/\/www.estadios.net\/mineirao\/mapa-estadio-do-mineirao\/\",\"name\":\"Mapa Est\u00e1dio do Mineir\u00e3o\",\"isPartOf\":{\"@id\":\"https:\/\/www.estadios.net\/mineirao\/#website\"},\"primaryImageOfPage\":{\"@id\":\"https:\/\/www.estadios.net\/mineirao\/mapa-estadio-do-mineirao\/#primaryimage\"},\"image\":{\"@id\":\"https:\/\/www.estadios.net\/mineirao\/mapa-estadio-do-mineirao\/#primaryimage\"},\"thumbnailUrl\":\"https:\/\/www.estadios.net\/mineirao\/wp-content\/uploads\/2017\/09\/mapa-mineirao-1.jpg\",\"datePublished\":\"2017-09-04T16:21:21+00:00\",\"dateModified\":\"2018-02-14T15:26:07+00:00\",\"description\":\"Veja os mapas com acessos e as ruas ao redor do Est\u00e1dio do Mineir\u00e3o, confira port\u00f5es, ruas, locais pr\u00f3ximos e pontos de \u00f4nibus. CLIQUE AQUI!\",\"breadcrumb\":{\"@id\":\"https:\/\/www.estadios.net\/mineirao\/mapa-estadio-do-mineirao\/#breadcrumb\"},\"inLanguage\":\"pt-BR\",\"potentialAction\":[{\"@type\":\"ReadAction\",\"target\":[\"https:\/\/www.estadios.net\/mineirao\/mapa-estadio-do-mineirao\/\"]}]},{\"@type\":\"ImageObject\",\"inLanguage\":\"pt-BR\",\"@id\":\"https:\/\/www.estadios.net\/mineirao\/mapa-estadio-do-mineirao\/#primaryimage\",\"url\":\"\",\"contentUrl\":\"\"},{\"@type\":\"BreadcrumbList\",\"@id\":\"https:\/\/www.estadios.net\/mineirao\/mapa-estadio-do-mineirao\/#breadcrumb\",\"itemListElement\":[{\"@type\":\"ListItem\",\"position\":1,\"name\":\"In\u00edcio\",\"item\":\"https:\/\/www.estadios.net\/mineirao\/\"},{\"@type\":\"ListItem\",\"position\":2,\"name\":\"Mapa Est\u00e1dio do Mineir\u00e3o\"}]},{\"@type\":\"WebSite\",\"@id\":\"https:\/\/www.estadios.net\/mineirao\/#website\",\"url\":\"https:\/\/www.estadios.net\/mineirao\/\",\"name\":\"Est\u00e1dio do Mineir\u00e3o\",\"description\":\"Est\u00e1dio do Mineir\u00e3o\",\"potentialAction\":[{\"@type\":\"SearchAction\",\"target\":{\"@type\":\"EntryPoint\",\"urlTemplate\":\"https:\/\/www.estadios.net\/mineirao\/?s={search_term_string}\"},\"query-input\":{\"@type\":\"PropertyValueSpecification\",\"valueRequired\":true,\"valueName\":\"search_term_string\"}}],\"inLanguage\":\"pt-BR\"}]}<\/script>\n<!-- \/ Yoast SEO plugin. -->","yoast_head_json":{"title":"Mapa Est\u00e1dio do Mineir\u00e3o","description":"Veja os mapas com acessos e as ruas ao redor do Est\u00e1dio do Mineir\u00e3o, confira port\u00f5es, ruas, locais pr\u00f3ximos e pontos de \u00f4nibus. CLIQUE AQUI!","robots":{"index":"index","follow":"follow","max-snippet":"max-snippet:-1","max-image-preview":"max-image-preview:large","max-video-preview":"max-video-preview:-1"},"canonical":"https:\/\/www.estadios.net\/mineirao\/mapa-estadio-do-mineirao\/","og_locale":"pt_BR","og_type":"article","og_title":"Mapa Est\u00e1dio do Mineir\u00e3o","og_description":"Veja os mapas com acessos e as ruas ao redor do Est\u00e1dio do Mineir\u00e3o, confira port\u00f5es, ruas, locais pr\u00f3ximos e pontos de \u00f4nibus. CLIQUE AQUI!","og_url":"https:\/\/www.estadios.net\/mineirao\/mapa-estadio-do-mineirao\/","og_site_name":"Est\u00e1dio do Mineir\u00e3o","article_modified_time":"2018-02-14T15:26:07+00:00","og_image":[{"url":"https:\/\/www.estadios.net\/mineirao\/wp-content\/uploads\/2017\/09\/mapa-mineirao-1.jpg","type":"","width":"","height":""}],"twitter_card":"summary_large_image","twitter_misc":{"Est. tempo de leitura":"1 minuto"},"schema":{"@context":"https:\/\/schema.org","@graph":[{"@type":"WebPage","@id":"https:\/\/www.estadios.net\/mineirao\/mapa-estadio-do-mineirao\/","url":"https:\/\/www.estadios.net\/mineirao\/mapa-estadio-do-mineirao\/","name":"Mapa Est\u00e1dio do Mineir\u00e3o","isPartOf":{"@id":"https:\/\/www.estadios.net\/mineirao\/#website"},"primaryImageOfPage":{"@id":"https:\/\/www.estadios.net\/mineirao\/mapa-estadio-do-mineirao\/#primaryimage"},"image":{"@id":"https:\/\/www.estadios.net\/mineirao\/mapa-estadio-do-mineirao\/#primaryimage"},"thumbnailUrl":"https:\/\/www.estadios.net\/mineirao\/wp-content\/uploads\/2017\/09\/mapa-mineirao-1.jpg","datePublished":"2017-09-04T16:21:21+00:00","dateModified":"2018-02-14T15:26:07+00:00","description":"Veja os mapas com acessos e as ruas ao redor do Est\u00e1dio do Mineir\u00e3o, confira port\u00f5es, ruas, locais pr\u00f3ximos e pontos de \u00f4nibus. CLIQUE AQUI!","breadcrumb":{"@id":"https:\/\/www.estadios.net\/mineirao\/mapa-estadio-do-mineirao\/#breadcrumb"},"inLanguage":"pt-BR","potentialAction":[{"@type":"ReadAction","target":["https:\/\/www.estadios.net\/mineirao\/mapa-estadio-do-mineirao\/"]}]},{"@type":"ImageObject","inLanguage":"pt-BR","@id":"https:\/\/www.estadios.net\/mineirao\/mapa-estadio-do-mineirao\/#primaryimage","url":"","contentUrl":""},{"@type":"BreadcrumbList","@id":"https:\/\/www.estadios.net\/mineirao\/mapa-estadio-do-mineirao\/#breadcrumb","itemListElement":[{"@type":"ListItem","position":1,"name":"In\u00edcio","item":"https:\/\/www.estadios.net\/mineirao\/"},{"@type":"ListItem","position":2,"name":"Mapa Est\u00e1dio do Mineir\u00e3o"}]},{"@type":"WebSite","@id":"https:\/\/www.estadios.net\/mineirao\/#website","url":"https:\/\/www.estadios.net\/mineirao\/","name":"Est\u00e1dio do Mineir\u00e3o","description":"Est\u00e1dio do Mineir\u00e3o","potentialAction":[{"@type":"SearchAction","target":{"@type":"EntryPoint","urlTemplate":"https:\/\/www.estadios.net\/mineirao\/?s={search_term_string}"},"query-input":{"@type":"PropertyValueSpecification","valueRequired":true,"valueName":"search_term_string"}}],"inLanguage":"pt-BR"}]}},"_links":{"self":[{"href":"https:\/\/www.estadios.net\/mineirao\/wp-json\/wp\/v2\/pages\/644","targetHints":{"allow":["GET"]}}],"collection":[{"href":"https:\/\/www.estadios.net\/mineirao\/wp-json\/wp\/v2\/pages"}],"about":[{"href":"https:\/\/www.estadios.net\/mineirao\/wp-json\/wp\/v2\/types\/page"}],"author":[{"embeddable":true,"href":"https:\/\/www.estadios.net\/mineirao\/wp-json\/wp\/v2\/users\/1"}],"replies":[{"embeddable":true,"href":"https:\/\/www.estadios.net\/mineirao\/wp-json\/wp\/v2\/comments?post=644"}],"version-history":[{"count":0,"href":"https:\/\/www.estadios.net\/mineirao\/wp-json\/wp\/v2\/pages\/644\/revisions"}],"wp:attachment":[{"href":"https:\/\/www.estadios.net\/mineirao\/wp-json\/wp\/v2\/media?parent=644"}],"curies":[{"name":"wp","href":"https:\/\/api.w.org\/{rel}","templated":true}]}}