{"id":638,"date":"2017-09-04T13:17:14","date_gmt":"2017-09-04T16:17:14","guid":{"rendered":"https:\/\/www.estadios.net\/mineirao\/?page_id=638"},"modified":"2018-02-14T13:16:59","modified_gmt":"2018-02-14T15:16:59","slug":"mineirao-ingressos","status":"publish","type":"page","link":"https:\/\/www.estadios.net\/mineirao\/mineirao-ingressos\/","title":{"rendered":"Mineir\u00e3o Ingressos"},"content":{"rendered":"<h2>Minas Arena Ingressos<\/h2>\n<p>A <em>Minas Arena<\/em> oferece <strong>ingressos<\/strong> para jogos separados e tamb\u00e9m passaporte anual para todos os jogos que acontecem no Mineir\u00e3o. \u00c9 poss\u00edvel tamb\u00e9m adquirir ingressos para shows e eventos que ocorrem no est\u00e1dio durante o ano.<\/p>\n<h3>Ingresso Mineir\u00e3o Online<\/h3>\n<p>Ingressos Jogos:\u00a0<a href=\"https:\/\/mineirao.futebolcard.com\" target=\"_blank\" rel=\"noopener nofollow\">www.futebolcard.com<\/a><\/p>\n<p>Ingressos Shows e Eventos:\u00a0<a href=\"http:\/\/premier.ticketsforfun.com.br\" target=\"_blank\" rel=\"noopener nofollow\">www.ticketsforfun.com.br<\/a><\/p>\n<h3>Bilheterias Mineir\u00e3o<\/h3>\n<p>S\u00e3o 2 bilheterias localizadas em lados opostos, Bilheteria Sul e Bilheteria Norte, os dias de venda de ingressos nas bilheterias variam conforme as partidas de jogos ou eventos e shows que ocorrem. Para mais informa\u00e7\u00f5es entre em contato atrav\u00e9s do telefone:\u00a0(31) 3499-4300<\/p>\n<p><img loading=\"lazy\" decoding=\"async\" class=\"alignnone wp-image-1212 size-full\" title=\"Mineir\u00e3o Ingressos\" src=\"https:\/\/www.estadios.net\/mineirao\/wp-content\/uploads\/2017\/09\/mineirao-ingressos.jpg\" alt=\"Mineir\u00e3o Ingressos\" width=\"680\" height=\"332\" \/><\/p>\n<h3>Ingresso Mineir\u00e3o<\/h3>\n<p><strong>Mineir\u00e3o Tribuna &#8211; Setor Roxo<br \/>\n<\/strong>Mineir\u00e3o Tribuna: muito mais que futebol. \u00c1rea exclusiva com servi\u00e7o diferenciado e entretenimento. O Mineir\u00e3o Tribuna \u00e9 para quem valoriza o aquecimento, pra quem acha que futebol e m\u00fasica tem tudo a ver, pra quem acha que n\u00e3o precisa esperar a final do campeonato para festejar no est\u00e1dio. Garanta logo sua cadeira em um dos melhores setores do est\u00e1dio.<strong><br \/>\n<\/strong><\/p>\n<p><strong>Embaixada Mineir\u00e3o &#8211; Setor Vermelho<\/strong><br \/>\nEmbaixada Mineir\u00e3o: voc\u00ea mais perto da hist\u00f3ria. \u00c1rea exclusiva, 100% futebol. A Embaixada Mineir\u00e3o \u00e9 para quem vai ao campo pra sentir toda a emo\u00e7\u00e3o do futebol e n\u00e3o quer perder nenhum lance. Garanta logo sua cadeira em um dos melhores setores do est\u00e1dio.<\/p>\n<p><strong>Camarote Mineir\u00e3o<\/strong><br \/>\nPara quem faz quest\u00e3o de exclusividade, conforto, melhor servi\u00e7o de catering. Para quem precisa de personaliza\u00e7\u00e3o para a\u00e7\u00f5es de relacionamento.\u00a0Para compra de Camarotes, entre em contato com consultores pelo telefone (31) 3499-4333.<\/p>\n","protected":false},"excerpt":{"rendered":"<p>Minas Arena Ingressos A Minas Arena oferece ingressos para jogos separados e tamb\u00e9m passaporte anual para todos os jogos que acontecem no Mineir\u00e3o. \u00c9 poss\u00edvel tamb\u00e9m adquirir ingressos para shows e eventos que ocorrem no est\u00e1dio durante o ano. Ingresso Mineir\u00e3o Online Ingressos Jogos:\u00a0www.futebolcard.com Ingressos Shows e Eventos:\u00a0www.ticketsforfun.com.br Bilheterias Mineir\u00e3o S\u00e3o 2 bilheterias localizadas em [&hellip;]<\/p>\n","protected":false},"author":1,"featured_media":0,"parent":0,"menu_order":0,"comment_status":"closed","ping_status":"closed","template":"","meta":{"footnotes":""},"class_list":["post-638","page","type-page","status-publish","hentry"],"yoast_head":"<!-- This site is optimized with the Yoast SEO plugin v25.8 - https:\/\/yoast.com\/wordpress\/plugins\/seo\/ -->\n<title>Mineir\u00e3o Ingressos<\/title>\n<meta name=\"description\" content=\"Confira como adquirir ingressos e veja os setores de jogos, shows e eventos no Gigante da Pampulha ( Est\u00e1dio Mineir\u00e3o ). CLIQUE AQUI!\" \/>\n<meta name=\"robots\" content=\"index, follow, max-snippet:-1, max-image-preview:large, max-video-preview:-1\" \/>\n<link rel=\"canonical\" href=\"https:\/\/www.estadios.net\/mineirao\/mineirao-ingressos\/\" \/>\n<meta property=\"og:locale\" content=\"pt_BR\" \/>\n<meta property=\"og:type\" content=\"article\" \/>\n<meta property=\"og:title\" content=\"Mineir\u00e3o Ingressos\" \/>\n<meta property=\"og:description\" content=\"Confira como adquirir ingressos e veja os setores de jogos, shows e eventos no Gigante da Pampulha ( Est\u00e1dio Mineir\u00e3o ). CLIQUE AQUI!\" \/>\n<meta property=\"og:url\" content=\"https:\/\/www.estadios.net\/mineirao\/mineirao-ingressos\/\" \/>\n<meta property=\"og:site_name\" content=\"Est\u00e1dio do Mineir\u00e3o\" \/>\n<meta property=\"article:modified_time\" content=\"2018-02-14T15:16:59+00:00\" \/>\n<meta property=\"og:image\" content=\"https:\/\/www.estadios.net\/mineirao\/wp-content\/uploads\/2017\/09\/mineirao-ingressos.jpg\" \/>\n<meta name=\"twitter:card\" content=\"summary_large_image\" \/>\n<meta name=\"twitter:label1\" content=\"Est. tempo de leitura\" \/>\n\t<meta name=\"twitter:data1\" content=\"1 minuto\" \/>\n<script type=\"application\/ld+json\" class=\"yoast-schema-graph\">{\"@context\":\"https:\/\/schema.org\",\"@graph\":[{\"@type\":\"WebPage\",\"@id\":\"https:\/\/www.estadios.net\/mineirao\/mineirao-ingressos\/\",\"url\":\"https:\/\/www.estadios.net\/mineirao\/mineirao-ingressos\/\",\"name\":\"Mineir\u00e3o Ingressos\",\"isPartOf\":{\"@id\":\"https:\/\/www.estadios.net\/mineirao\/#website\"},\"primaryImageOfPage\":{\"@id\":\"https:\/\/www.estadios.net\/mineirao\/mineirao-ingressos\/#primaryimage\"},\"image\":{\"@id\":\"https:\/\/www.estadios.net\/mineirao\/mineirao-ingressos\/#primaryimage\"},\"thumbnailUrl\":\"https:\/\/www.estadios.net\/mineirao\/wp-content\/uploads\/2017\/09\/mineirao-ingressos.jpg\",\"datePublished\":\"2017-09-04T16:17:14+00:00\",\"dateModified\":\"2018-02-14T15:16:59+00:00\",\"description\":\"Confira como adquirir ingressos e veja os setores de jogos, shows e eventos no Gigante da Pampulha ( Est\u00e1dio Mineir\u00e3o ). CLIQUE AQUI!\",\"breadcrumb\":{\"@id\":\"https:\/\/www.estadios.net\/mineirao\/mineirao-ingressos\/#breadcrumb\"},\"inLanguage\":\"pt-BR\",\"potentialAction\":[{\"@type\":\"ReadAction\",\"target\":[\"https:\/\/www.estadios.net\/mineirao\/mineirao-ingressos\/\"]}]},{\"@type\":\"ImageObject\",\"inLanguage\":\"pt-BR\",\"@id\":\"https:\/\/www.estadios.net\/mineirao\/mineirao-ingressos\/#primaryimage\",\"url\":\"\",\"contentUrl\":\"\"},{\"@type\":\"BreadcrumbList\",\"@id\":\"https:\/\/www.estadios.net\/mineirao\/mineirao-ingressos\/#breadcrumb\",\"itemListElement\":[{\"@type\":\"ListItem\",\"position\":1,\"name\":\"In\u00edcio\",\"item\":\"https:\/\/www.estadios.net\/mineirao\/\"},{\"@type\":\"ListItem\",\"position\":2,\"name\":\"Mineir\u00e3o Ingressos\"}]},{\"@type\":\"WebSite\",\"@id\":\"https:\/\/www.estadios.net\/mineirao\/#website\",\"url\":\"https:\/\/www.estadios.net\/mineirao\/\",\"name\":\"Est\u00e1dio do Mineir\u00e3o\",\"description\":\"Est\u00e1dio do Mineir\u00e3o\",\"potentialAction\":[{\"@type\":\"SearchAction\",\"target\":{\"@type\":\"EntryPoint\",\"urlTemplate\":\"https:\/\/www.estadios.net\/mineirao\/?s={search_term_string}\"},\"query-input\":{\"@type\":\"PropertyValueSpecification\",\"valueRequired\":true,\"valueName\":\"search_term_string\"}}],\"inLanguage\":\"pt-BR\"}]}<\/script>\n<!-- \/ Yoast SEO plugin. -->","yoast_head_json":{"title":"Mineir\u00e3o Ingressos","description":"Confira como adquirir ingressos e veja os setores de jogos, shows e eventos no Gigante da Pampulha ( Est\u00e1dio Mineir\u00e3o ). CLIQUE AQUI!","robots":{"index":"index","follow":"follow","max-snippet":"max-snippet:-1","max-image-preview":"max-image-preview:large","max-video-preview":"max-video-preview:-1"},"canonical":"https:\/\/www.estadios.net\/mineirao\/mineirao-ingressos\/","og_locale":"pt_BR","og_type":"article","og_title":"Mineir\u00e3o Ingressos","og_description":"Confira como adquirir ingressos e veja os setores de jogos, shows e eventos no Gigante da Pampulha ( Est\u00e1dio Mineir\u00e3o ). CLIQUE AQUI!","og_url":"https:\/\/www.estadios.net\/mineirao\/mineirao-ingressos\/","og_site_name":"Est\u00e1dio do Mineir\u00e3o","article_modified_time":"2018-02-14T15:16:59+00:00","og_image":[{"url":"https:\/\/www.estadios.net\/mineirao\/wp-content\/uploads\/2017\/09\/mineirao-ingressos.jpg","type":"","width":"","height":""}],"twitter_card":"summary_large_image","twitter_misc":{"Est. tempo de leitura":"1 minuto"},"schema":{"@context":"https:\/\/schema.org","@graph":[{"@type":"WebPage","@id":"https:\/\/www.estadios.net\/mineirao\/mineirao-ingressos\/","url":"https:\/\/www.estadios.net\/mineirao\/mineirao-ingressos\/","name":"Mineir\u00e3o Ingressos","isPartOf":{"@id":"https:\/\/www.estadios.net\/mineirao\/#website"},"primaryImageOfPage":{"@id":"https:\/\/www.estadios.net\/mineirao\/mineirao-ingressos\/#primaryimage"},"image":{"@id":"https:\/\/www.estadios.net\/mineirao\/mineirao-ingressos\/#primaryimage"},"thumbnailUrl":"https:\/\/www.estadios.net\/mineirao\/wp-content\/uploads\/2017\/09\/mineirao-ingressos.jpg","datePublished":"2017-09-04T16:17:14+00:00","dateModified":"2018-02-14T15:16:59+00:00","description":"Confira como adquirir ingressos e veja os setores de jogos, shows e eventos no Gigante da Pampulha ( Est\u00e1dio Mineir\u00e3o ). CLIQUE AQUI!","breadcrumb":{"@id":"https:\/\/www.estadios.net\/mineirao\/mineirao-ingressos\/#breadcrumb"},"inLanguage":"pt-BR","potentialAction":[{"@type":"ReadAction","target":["https:\/\/www.estadios.net\/mineirao\/mineirao-ingressos\/"]}]},{"@type":"ImageObject","inLanguage":"pt-BR","@id":"https:\/\/www.estadios.net\/mineirao\/mineirao-ingressos\/#primaryimage","url":"","contentUrl":""},{"@type":"BreadcrumbList","@id":"https:\/\/www.estadios.net\/mineirao\/mineirao-ingressos\/#breadcrumb","itemListElement":[{"@type":"ListItem","position":1,"name":"In\u00edcio","item":"https:\/\/www.estadios.net\/mineirao\/"},{"@type":"ListItem","position":2,"name":"Mineir\u00e3o Ingressos"}]},{"@type":"WebSite","@id":"https:\/\/www.estadios.net\/mineirao\/#website","url":"https:\/\/www.estadios.net\/mineirao\/","name":"Est\u00e1dio do Mineir\u00e3o","description":"Est\u00e1dio do Mineir\u00e3o","potentialAction":[{"@type":"SearchAction","target":{"@type":"EntryPoint","urlTemplate":"https:\/\/www.estadios.net\/mineirao\/?s={search_term_string}"},"query-input":{"@type":"PropertyValueSpecification","valueRequired":true,"valueName":"search_term_string"}}],"inLanguage":"pt-BR"}]}},"_links":{"self":[{"href":"https:\/\/www.estadios.net\/mineirao\/wp-json\/wp\/v2\/pages\/638","targetHints":{"allow":["GET"]}}],"collection":[{"href":"https:\/\/www.estadios.net\/mineirao\/wp-json\/wp\/v2\/pages"}],"about":[{"href":"https:\/\/www.estadios.net\/mineirao\/wp-json\/wp\/v2\/types\/page"}],"author":[{"embeddable":true,"href":"https:\/\/www.estadios.net\/mineirao\/wp-json\/wp\/v2\/users\/1"}],"replies":[{"embeddable":true,"href":"https:\/\/www.estadios.net\/mineirao\/wp-json\/wp\/v2\/comments?post=638"}],"version-history":[{"count":0,"href":"https:\/\/www.estadios.net\/mineirao\/wp-json\/wp\/v2\/pages\/638\/revisions"}],"wp:attachment":[{"href":"https:\/\/www.estadios.net\/mineirao\/wp-json\/wp\/v2\/media?parent=638"}],"curies":[{"name":"wp","href":"https:\/\/api.w.org\/{rel}","templated":true}]}}