{"id":627,"date":"2017-09-04T13:00:37","date_gmt":"2017-09-04T16:00:37","guid":{"rendered":"https:\/\/www.estadios.net\/mineirao\/?page_id=627"},"modified":"2023-06-20T17:37:13","modified_gmt":"2023-06-20T20:37:13","slug":"contato","status":"publish","type":"page","link":"https:\/\/www.estadios.net\/mineirao\/contato\/","title":{"rendered":"Contato"},"content":{"rendered":"<p>Neste site o torcedor pode encontrar com facilidade e comodidade informa\u00e7\u00f5es do Est\u00e1dio Mineir\u00e3o em poucos cliques! Nosso objetivo \u00e9 fornecer o m\u00e1ximo de informa\u00e7\u00f5es sobre o Mineir\u00e3o como o endere\u00e7o completo, telefone, hor\u00e1rio de funcionamento, museu, clube, estacionamento, turismo, etc\u2026<\/p>\n<h2>Endere\u00e7o Est\u00e1dio Mineir\u00e3o<\/h2>\n<p>Av. Ant\u00f4nio Abrah\u00e3o Caran, 1001 &#8211; S\u00e3o Jos\u00e9, Belo Horizonte &#8211; MG, CEP: 31275-000<\/p>\n<h3>Telefone Est\u00e1dio Mineir\u00e3o<\/h3>\n<ul>\n<li>Tel:\u00a0(31) 3499-4300<\/li>\n<\/ul>\n<h3>Hor\u00e1rio de Funcionamento Mineir\u00e3o<\/h3>\n<p><strong>Museu Brasileiro do Futebol:<\/strong> Ter a Sex das 9h \u00e0s 18h, S\u00e1b e Dom das 9h \u00e0s 14h.<\/p>\n<p><strong>Esplanada:<\/strong>\u00a0Diariamente de 7h \u00e0s 22h.<\/p>\n<p><strong>Visita ao Mineir\u00e3o:<\/strong> Ter das\u00a09h \u00e0s 20h, Qua \u00e0 Sex das\u00a09h \u00e0s 17h, S\u00e1b e Dom das\u00a09h \u00e0s 13h.<\/p>\n<h3>Outras Informa\u00e7\u00f5es<\/h3>\n<p>Site:\u00a0<a href=\"https:\/\/www.estadios.net\/mineirao\/\">www.estadios.net\/mineirao<\/a><\/p>\n<h2>\u2709\ufe0f <strong>Contato do site<\/strong><\/h2>\n<div style=\"padding: 10px; border-radius: 3px; border: 1px solid #EEE; background: #EDF7FB; margin: 10px 0;\">\u26a0\ufe0f O contato do site estadios.net\/mineirao <strong>N\u00c3O<\/strong> se destina a atendimento sobre assuntos de jogos, shows, eventos ou dia a dia do Est\u00e1dio do Mineir\u00e3o. <em>Quest\u00f5es sobre estes assuntos n\u00e3o ser\u00e3o respondidas<\/em>.<\/p>\n<p>\u26a0\ufe0f Reservamos este espa\u00e7o para voc\u00ea falar com a equipe do site. Mande suas sugest\u00f5es, elogios, cr\u00edticas ou outros assuntos para o e-mail: <img loading=\"lazy\" decoding=\"async\" class=\"size-full wp-image-798\" style=\"position: relative; top: 5px;\" src=\"https:\/\/www.estadios.net\/mineirao\/wp-content\/uploads\/2023\/06\/c8ffa5ef119ce5b5b7e5dc3bdb376d8e.png\" alt=\"\" width=\"245\" height=\"18\" \/><\/div>\n","protected":false},"excerpt":{"rendered":"<p>Neste site o torcedor pode encontrar com facilidade e comodidade informa\u00e7\u00f5es do Est\u00e1dio Mineir\u00e3o em poucos cliques! Nosso objetivo \u00e9 fornecer o m\u00e1ximo de informa\u00e7\u00f5es sobre o Mineir\u00e3o como o endere\u00e7o completo, telefone, hor\u00e1rio de funcionamento, museu, clube, estacionamento, turismo, etc\u2026 Endere\u00e7o Est\u00e1dio Mineir\u00e3o Av. Ant\u00f4nio Abrah\u00e3o Caran, 1001 &#8211; S\u00e3o Jos\u00e9, Belo Horizonte &#8211; [&hellip;]<\/p>\n","protected":false},"author":1,"featured_media":0,"parent":0,"menu_order":0,"comment_status":"closed","ping_status":"closed","template":"","meta":{"footnotes":""},"class_list":["post-627","page","type-page","status-publish","hentry"],"yoast_head":"<!-- This site is optimized with the Yoast SEO plugin v25.8 - https:\/\/yoast.com\/wordpress\/plugins\/seo\/ -->\n<title>Contato - Est\u00e1dio Mineir\u00e3o<\/title>\n<meta name=\"description\" content=\"Endere\u00e7o, Telefone, Site, Mapa e Hor\u00e1rio de Atendimento do Est\u00e1dio Mineir\u00e3o. CLIQUE AQUI!!\" \/>\n<meta name=\"robots\" content=\"index, follow, max-snippet:-1, max-image-preview:large, max-video-preview:-1\" \/>\n<link rel=\"canonical\" href=\"https:\/\/www.estadios.net\/mineirao\/contato\/\" \/>\n<meta property=\"og:locale\" content=\"pt_BR\" \/>\n<meta property=\"og:type\" content=\"article\" \/>\n<meta property=\"og:title\" content=\"Contato - Est\u00e1dio Mineir\u00e3o\" \/>\n<meta property=\"og:description\" content=\"Endere\u00e7o, Telefone, Site, Mapa e Hor\u00e1rio de Atendimento do Est\u00e1dio Mineir\u00e3o. CLIQUE AQUI!!\" \/>\n<meta property=\"og:url\" content=\"https:\/\/www.estadios.net\/mineirao\/contato\/\" \/>\n<meta property=\"og:site_name\" content=\"Est\u00e1dio do Mineir\u00e3o\" \/>\n<meta property=\"article:modified_time\" content=\"2023-06-20T20:37:13+00:00\" \/>\n<meta property=\"og:image\" content=\"https:\/\/www.estadios.net\/mineirao\/wp-content\/uploads\/2023\/06\/c8ffa5ef119ce5b5b7e5dc3bdb376d8e.png\" \/>\n<meta name=\"twitter:card\" content=\"summary_large_image\" \/>\n<meta name=\"twitter:label1\" content=\"Est. tempo de leitura\" \/>\n\t<meta name=\"twitter:data1\" content=\"1 minuto\" \/>\n<script type=\"application\/ld+json\" class=\"yoast-schema-graph\">{\"@context\":\"https:\/\/schema.org\",\"@graph\":[{\"@type\":\"WebPage\",\"@id\":\"https:\/\/www.estadios.net\/mineirao\/contato\/\",\"url\":\"https:\/\/www.estadios.net\/mineirao\/contato\/\",\"name\":\"Contato - Est\u00e1dio Mineir\u00e3o\",\"isPartOf\":{\"@id\":\"https:\/\/www.estadios.net\/mineirao\/#website\"},\"primaryImageOfPage\":{\"@id\":\"https:\/\/www.estadios.net\/mineirao\/contato\/#primaryimage\"},\"image\":{\"@id\":\"https:\/\/www.estadios.net\/mineirao\/contato\/#primaryimage\"},\"thumbnailUrl\":\"https:\/\/www.estadios.net\/mineirao\/wp-content\/uploads\/2023\/06\/c8ffa5ef119ce5b5b7e5dc3bdb376d8e.png\",\"datePublished\":\"2017-09-04T16:00:37+00:00\",\"dateModified\":\"2023-06-20T20:37:13+00:00\",\"description\":\"Endere\u00e7o, Telefone, Site, Mapa e Hor\u00e1rio de Atendimento do Est\u00e1dio Mineir\u00e3o. CLIQUE AQUI!!\",\"breadcrumb\":{\"@id\":\"https:\/\/www.estadios.net\/mineirao\/contato\/#breadcrumb\"},\"inLanguage\":\"pt-BR\",\"potentialAction\":[{\"@type\":\"ReadAction\",\"target\":[\"https:\/\/www.estadios.net\/mineirao\/contato\/\"]}]},{\"@type\":\"ImageObject\",\"inLanguage\":\"pt-BR\",\"@id\":\"https:\/\/www.estadios.net\/mineirao\/contato\/#primaryimage\",\"url\":\"https:\/\/www.estadios.net\/mineirao\/wp-content\/uploads\/2023\/06\/c8ffa5ef119ce5b5b7e5dc3bdb376d8e.png\",\"contentUrl\":\"https:\/\/www.estadios.net\/mineirao\/wp-content\/uploads\/2023\/06\/c8ffa5ef119ce5b5b7e5dc3bdb376d8e.png\",\"width\":245,\"height\":18},{\"@type\":\"BreadcrumbList\",\"@id\":\"https:\/\/www.estadios.net\/mineirao\/contato\/#breadcrumb\",\"itemListElement\":[{\"@type\":\"ListItem\",\"position\":1,\"name\":\"In\u00edcio\",\"item\":\"https:\/\/www.estadios.net\/mineirao\/\"},{\"@type\":\"ListItem\",\"position\":2,\"name\":\"Contato\"}]},{\"@type\":\"WebSite\",\"@id\":\"https:\/\/www.estadios.net\/mineirao\/#website\",\"url\":\"https:\/\/www.estadios.net\/mineirao\/\",\"name\":\"Est\u00e1dio do Mineir\u00e3o\",\"description\":\"Est\u00e1dio do Mineir\u00e3o\",\"potentialAction\":[{\"@type\":\"SearchAction\",\"target\":{\"@type\":\"EntryPoint\",\"urlTemplate\":\"https:\/\/www.estadios.net\/mineirao\/?s={search_term_string}\"},\"query-input\":{\"@type\":\"PropertyValueSpecification\",\"valueRequired\":true,\"valueName\":\"search_term_string\"}}],\"inLanguage\":\"pt-BR\"}]}<\/script>\n<!-- \/ Yoast SEO plugin. -->","yoast_head_json":{"title":"Contato - Est\u00e1dio Mineir\u00e3o","description":"Endere\u00e7o, Telefone, Site, Mapa e Hor\u00e1rio de Atendimento do Est\u00e1dio Mineir\u00e3o. CLIQUE AQUI!!","robots":{"index":"index","follow":"follow","max-snippet":"max-snippet:-1","max-image-preview":"max-image-preview:large","max-video-preview":"max-video-preview:-1"},"canonical":"https:\/\/www.estadios.net\/mineirao\/contato\/","og_locale":"pt_BR","og_type":"article","og_title":"Contato - Est\u00e1dio Mineir\u00e3o","og_description":"Endere\u00e7o, Telefone, Site, Mapa e Hor\u00e1rio de Atendimento do Est\u00e1dio Mineir\u00e3o. CLIQUE AQUI!!","og_url":"https:\/\/www.estadios.net\/mineirao\/contato\/","og_site_name":"Est\u00e1dio do Mineir\u00e3o","article_modified_time":"2023-06-20T20:37:13+00:00","og_image":[{"url":"https:\/\/www.estadios.net\/mineirao\/wp-content\/uploads\/2023\/06\/c8ffa5ef119ce5b5b7e5dc3bdb376d8e.png","type":"","width":"","height":""}],"twitter_card":"summary_large_image","twitter_misc":{"Est. tempo de leitura":"1 minuto"},"schema":{"@context":"https:\/\/schema.org","@graph":[{"@type":"WebPage","@id":"https:\/\/www.estadios.net\/mineirao\/contato\/","url":"https:\/\/www.estadios.net\/mineirao\/contato\/","name":"Contato - Est\u00e1dio Mineir\u00e3o","isPartOf":{"@id":"https:\/\/www.estadios.net\/mineirao\/#website"},"primaryImageOfPage":{"@id":"https:\/\/www.estadios.net\/mineirao\/contato\/#primaryimage"},"image":{"@id":"https:\/\/www.estadios.net\/mineirao\/contato\/#primaryimage"},"thumbnailUrl":"https:\/\/www.estadios.net\/mineirao\/wp-content\/uploads\/2023\/06\/c8ffa5ef119ce5b5b7e5dc3bdb376d8e.png","datePublished":"2017-09-04T16:00:37+00:00","dateModified":"2023-06-20T20:37:13+00:00","description":"Endere\u00e7o, Telefone, Site, Mapa e Hor\u00e1rio de Atendimento do Est\u00e1dio Mineir\u00e3o. CLIQUE AQUI!!","breadcrumb":{"@id":"https:\/\/www.estadios.net\/mineirao\/contato\/#breadcrumb"},"inLanguage":"pt-BR","potentialAction":[{"@type":"ReadAction","target":["https:\/\/www.estadios.net\/mineirao\/contato\/"]}]},{"@type":"ImageObject","inLanguage":"pt-BR","@id":"https:\/\/www.estadios.net\/mineirao\/contato\/#primaryimage","url":"https:\/\/www.estadios.net\/mineirao\/wp-content\/uploads\/2023\/06\/c8ffa5ef119ce5b5b7e5dc3bdb376d8e.png","contentUrl":"https:\/\/www.estadios.net\/mineirao\/wp-content\/uploads\/2023\/06\/c8ffa5ef119ce5b5b7e5dc3bdb376d8e.png","width":245,"height":18},{"@type":"BreadcrumbList","@id":"https:\/\/www.estadios.net\/mineirao\/contato\/#breadcrumb","itemListElement":[{"@type":"ListItem","position":1,"name":"In\u00edcio","item":"https:\/\/www.estadios.net\/mineirao\/"},{"@type":"ListItem","position":2,"name":"Contato"}]},{"@type":"WebSite","@id":"https:\/\/www.estadios.net\/mineirao\/#website","url":"https:\/\/www.estadios.net\/mineirao\/","name":"Est\u00e1dio do Mineir\u00e3o","description":"Est\u00e1dio do Mineir\u00e3o","potentialAction":[{"@type":"SearchAction","target":{"@type":"EntryPoint","urlTemplate":"https:\/\/www.estadios.net\/mineirao\/?s={search_term_string}"},"query-input":{"@type":"PropertyValueSpecification","valueRequired":true,"valueName":"search_term_string"}}],"inLanguage":"pt-BR"}]}},"_links":{"self":[{"href":"https:\/\/www.estadios.net\/mineirao\/wp-json\/wp\/v2\/pages\/627","targetHints":{"allow":["GET"]}}],"collection":[{"href":"https:\/\/www.estadios.net\/mineirao\/wp-json\/wp\/v2\/pages"}],"about":[{"href":"https:\/\/www.estadios.net\/mineirao\/wp-json\/wp\/v2\/types\/page"}],"author":[{"embeddable":true,"href":"https:\/\/www.estadios.net\/mineirao\/wp-json\/wp\/v2\/users\/1"}],"replies":[{"embeddable":true,"href":"https:\/\/www.estadios.net\/mineirao\/wp-json\/wp\/v2\/comments?post=627"}],"version-history":[{"count":0,"href":"https:\/\/www.estadios.net\/mineirao\/wp-json\/wp\/v2\/pages\/627\/revisions"}],"wp:attachment":[{"href":"https:\/\/www.estadios.net\/mineirao\/wp-json\/wp\/v2\/media?parent=627"}],"curies":[{"name":"wp","href":"https:\/\/api.w.org\/{rel}","templated":true}]}}