{"id":623,"date":"2017-09-04T12:56:44","date_gmt":"2017-09-04T15:56:44","guid":{"rendered":"https:\/\/www.estadios.net\/mineirao\/?page_id=623"},"modified":"2018-02-06T15:48:46","modified_gmt":"2018-02-06T17:48:46","slug":"lazer-e-gastronomia-no-estadio-do-mineirao","status":"publish","type":"page","link":"https:\/\/www.estadios.net\/mineirao\/lazer-e-gastronomia-no-estadio-do-mineirao\/","title":{"rendered":"Lazer e Gastronomia no Est\u00e1dio do Mineir\u00e3o"},"content":{"rendered":"<h2>Visita Mineir\u00e3o<\/h2>\n<p>O visitante far\u00e1 uma visita aos bastidores do Mineir\u00e3o e conhecer\u00e1 \u00e1reas restritas, que s\u00e3o utilizadas por jogadores e imprensa nos dias das partidas. Todos estes espa\u00e7os que foram preparados durante a revitaliza\u00e7\u00e3o do Mineir\u00e3o.<\/p>\n<ul>\n<li>As visitas poder\u00e3o ser canceladas devido a eventos que possam ocorrer no est\u00e1dio em at\u00e9 24h antes da visita.<\/li>\n<li>Grupos acima de 10 pessoas dever\u00e3o fazer agendamento pr\u00e9vio pelo telefone (31) 3499-4312 \/ 4304 ou pelo e-mail: educativo@estadioestadios.net\/mineirao;<\/li>\n<li>Para visitas com menos de 10 pessoas, basta se dirigir \u00e0 recep\u00e7\u00e3o do Museu e adquirir o ingresso para o dia vigente, mediante disponibilidade de ingressos;<\/li>\n<li>As visitas ao Est\u00e1dio acontecem apenas com acompanhamento de educador do Museu Brasileiro do Futebol e est\u00e3o sujeitas \u00e0 disponibilidade de ingressos;<\/li>\n<li>Cada visita ao Est\u00e1dio tem capacidade m\u00e1xima de 40 pessoas;<\/li>\n<li>A bilheteria comercializa ingressos apenas para visita\u00e7\u00e3o no dia vigente;<\/li>\n<li>Vendas de ingressos apenas em dinheiro.<\/li>\n<\/ul>\n<h3>Pre\u00e7o Visita Mineir\u00e3o<\/h3>\n<p><strong>Valores:\u00a0<\/strong>Inteira: R$ 20,00 \/ Meia-entrada: R$ 10,00<\/p>\n<ul>\n<li>Ter\u00e7a-feira de 9h \u00e0s 20h, de hora em hora<\/li>\n<li>Quarta \u00e0 sexta de 9h \u00e0s 17h, de hora em hora<\/li>\n<li>S\u00e1bado e domingo de 9h \u00e0s 13h, de hora em hora<\/li>\n<\/ul>\n<p><strong>Endere\u00e7o<\/strong><br \/>\nAv. Coronel Oscar Paschoal, s\/n, Port\u00e3o G2<br \/>\nPampulha, Belo Horizonte, Minas Gerais, Brasil<br \/>\n(em frente ao CEU\/UFMG)<\/p>\n<h3>Esplanada do Mineir\u00e3o<\/h3>\n<p>Com 80 mil m\u00b2 constru\u00eddos, a Esplanada do Mineir\u00e3o \u00e9 um dos melhores locais para a pr\u00e1tica de esportes como skate, patins, corridas e caminhadas em Belo Horizonte. O local \u00e9 ideal tamb\u00e9m para a realiza\u00e7\u00e3o de shows e espet\u00e1culos. Com infra estrutura e seguran\u00e7a, a Esplanada ainda conta com uma bela vista privilegiada para a Lagoa da Pampulha. O acesso do p\u00fablico \u00e9 feito pelas entradas norte e sul, por meio de escadarias e rampa suaves.<\/p>\n<p>A Esplanada do Mineir\u00e3o possui dois acessos. A entrada da Esplanada SUL \u00e9 na Avenida Coronel Oscar Paschoal, pr\u00f3xima \u00e0 Avenida Catal\u00e3o. A entrada da Esplanada NORTE \u00e9 na Avenida Ant\u00f4nio Abrah\u00e3o Caram.<\/p>\n<p><strong>Hor\u00e1rio de Funcionamento:\u00a0<\/strong>Diariamente de 7h \u00e0s 22h. Sujeito a altera\u00e7\u00f5es devido a jogos e eventos.<\/p>\n<p>O hor\u00e1rio de funcionamento das lojas \u00e9 responsabilidade de cada um dos estabelecimentos.<\/p>\n<p><img loading=\"lazy\" decoding=\"async\" class=\"alignnone wp-image-1170 size-full\" title=\"Esplanada do Mineir\u00e3o\" src=\"https:\/\/www.estadios.net\/mineirao\/wp-content\/uploads\/2017\/09\/esplanada-mineirao.jpg\" alt=\"Esplanada do Mineir\u00e3o\" width=\"680\" height=\"408\" \/><\/p>\n<h3>Restaurantes, Bares e Lojas<\/h3>\n<p>O est\u00e1dio conta com diversos bares, restaurantes e lojas. Antes da reforma de 2010, alimentos tamb\u00e9m podiam ser conseguidos por 150 ambulantes do lado de fora do Mineir\u00e3o. Os pratos mais c\u00e9lebres do Mineir\u00e3o s\u00e3o o feij\u00e3o tropeiro e o sandu\u00edche de pernil, com o primeiro chegando a ser permitido pela FIFA para a venda na Copa das Confedera\u00e7\u00f5es e Copa do Mundo. Um pouco do que \u00e9 poss\u00edvel encontrar l\u00e1:<\/p>\n<p><strong>Bol\u00e3o Esplanada<\/strong><br \/>\nO famoso restaurante Bol\u00e3o funciona diariamente, at\u00e9 o fechamento da Esplanada servindo os tradicionais Espaguete, Roched\u00e3o e Mexid\u00e3o.<\/p>\n<p><strong>Gola\u00e7o<\/strong><br \/>\nUma vista incr\u00edvel, ambiente aconchegante, oferece cerveja gelada e grande variedade de espetos, tropeiro e almo\u00e7o aos finais de semana.<\/p>\n<p><strong>Maior de Minas<\/strong><br \/>\nLoja oficial do Cruzeiro com vasta op\u00e7\u00e3o de produtos oficiais e licenciados para amantes do futebol.<\/p>\n<p><strong>Sabor Radical<\/strong><br \/>\n\u00f3tima op\u00e7\u00e3o em alimenta\u00e7\u00e3o saud\u00e1vel. Sucos e lanches de alto padr\u00e3o.<\/p>\n<p><strong>Braga P\u00e3o de Queijo<\/strong><br \/>\nCom receita exclusiva de fam\u00edlia a Braga \u00e9 pioneira em p\u00e3o de queijo em Minas Gerais, com op\u00e7\u00f5es de recheios artesanais e pizza de p\u00e3o de queijo no card\u00e1pio!<\/p>\n<p><strong>Bike Mania<\/strong><br \/>\nA maior locadora de bicicletas da cidade. Al\u00e9m de bicicletas oferecem patins, skates, rolim\u00e3 e outros artigos.<\/p>\n<p><strong>Minas Pipoca<\/strong><br \/>\nCarrinhos de pipoca, churros e algod\u00e3o doce, atendendo a todos os jogos e eventos na Esplanada desde sua reinaugura\u00e7\u00e3o.<\/p>\n<p><strong>BH Inline<\/strong><br \/>\nCriada para facilitar o acesso dos atletas aos equipamentos para pr\u00e1tica de esportes, como skate e patins.<\/p>\n","protected":false},"excerpt":{"rendered":"<p>Visita Mineir\u00e3o O visitante far\u00e1 uma visita aos bastidores do Mineir\u00e3o e conhecer\u00e1 \u00e1reas restritas, que s\u00e3o utilizadas por jogadores e imprensa nos dias das partidas. Todos estes espa\u00e7os que foram preparados durante a revitaliza\u00e7\u00e3o do Mineir\u00e3o. As visitas poder\u00e3o ser canceladas devido a eventos que possam ocorrer no est\u00e1dio em at\u00e9 24h antes da [&hellip;]<\/p>\n","protected":false},"author":1,"featured_media":0,"parent":0,"menu_order":0,"comment_status":"closed","ping_status":"closed","template":"","meta":{"footnotes":""},"class_list":["post-623","page","type-page","status-publish","hentry"],"yoast_head":"<!-- This site is optimized with the Yoast SEO plugin v25.8 - https:\/\/yoast.com\/wordpress\/plugins\/seo\/ -->\n<title>Lazer e Gastronomia no Est\u00e1dio do Mineir\u00e3o<\/title>\n<meta name=\"description\" content=\"Conhe\u00e7a os espa\u00e7os de lazer e gastronomia do Mineir\u00e3o, onde \u00e9 poss\u00edvel encontrar comidas deliciosas, fazer passeios de bike ou participar de eventos!\" \/>\n<meta name=\"robots\" content=\"index, follow, max-snippet:-1, max-image-preview:large, max-video-preview:-1\" \/>\n<link rel=\"canonical\" href=\"https:\/\/www.estadios.net\/mineirao\/lazer-e-gastronomia-no-estadio-do-mineirao\/\" \/>\n<meta property=\"og:locale\" content=\"pt_BR\" \/>\n<meta property=\"og:type\" content=\"article\" \/>\n<meta property=\"og:title\" content=\"Lazer e Gastronomia no Est\u00e1dio do Mineir\u00e3o\" \/>\n<meta property=\"og:description\" content=\"Conhe\u00e7a os espa\u00e7os de lazer e gastronomia do Mineir\u00e3o, onde \u00e9 poss\u00edvel encontrar comidas deliciosas, fazer passeios de bike ou participar de eventos!\" \/>\n<meta property=\"og:url\" content=\"https:\/\/www.estadios.net\/mineirao\/lazer-e-gastronomia-no-estadio-do-mineirao\/\" \/>\n<meta property=\"og:site_name\" content=\"Est\u00e1dio do Mineir\u00e3o\" \/>\n<meta property=\"article:modified_time\" content=\"2018-02-06T17:48:46+00:00\" \/>\n<meta property=\"og:image\" content=\"https:\/\/www.estadios.net\/mineirao\/wp-content\/uploads\/2017\/09\/esplanada-mineirao.jpg\" \/>\n<meta name=\"twitter:card\" content=\"summary_large_image\" \/>\n<meta name=\"twitter:label1\" content=\"Est. tempo de leitura\" \/>\n\t<meta name=\"twitter:data1\" content=\"3 minutos\" \/>\n<script type=\"application\/ld+json\" class=\"yoast-schema-graph\">{\"@context\":\"https:\/\/schema.org\",\"@graph\":[{\"@type\":\"WebPage\",\"@id\":\"https:\/\/www.estadios.net\/mineirao\/lazer-e-gastronomia-no-estadio-do-mineirao\/\",\"url\":\"https:\/\/www.estadios.net\/mineirao\/lazer-e-gastronomia-no-estadio-do-mineirao\/\",\"name\":\"Lazer e Gastronomia no Est\u00e1dio do Mineir\u00e3o\",\"isPartOf\":{\"@id\":\"https:\/\/www.estadios.net\/mineirao\/#website\"},\"primaryImageOfPage\":{\"@id\":\"https:\/\/www.estadios.net\/mineirao\/lazer-e-gastronomia-no-estadio-do-mineirao\/#primaryimage\"},\"image\":{\"@id\":\"https:\/\/www.estadios.net\/mineirao\/lazer-e-gastronomia-no-estadio-do-mineirao\/#primaryimage\"},\"thumbnailUrl\":\"https:\/\/www.estadios.net\/mineirao\/wp-content\/uploads\/2017\/09\/esplanada-mineirao.jpg\",\"datePublished\":\"2017-09-04T15:56:44+00:00\",\"dateModified\":\"2018-02-06T17:48:46+00:00\",\"description\":\"Conhe\u00e7a os espa\u00e7os de lazer e gastronomia do Mineir\u00e3o, onde \u00e9 poss\u00edvel encontrar comidas deliciosas, fazer passeios de bike ou participar de eventos!\",\"breadcrumb\":{\"@id\":\"https:\/\/www.estadios.net\/mineirao\/lazer-e-gastronomia-no-estadio-do-mineirao\/#breadcrumb\"},\"inLanguage\":\"pt-BR\",\"potentialAction\":[{\"@type\":\"ReadAction\",\"target\":[\"https:\/\/www.estadios.net\/mineirao\/lazer-e-gastronomia-no-estadio-do-mineirao\/\"]}]},{\"@type\":\"ImageObject\",\"inLanguage\":\"pt-BR\",\"@id\":\"https:\/\/www.estadios.net\/mineirao\/lazer-e-gastronomia-no-estadio-do-mineirao\/#primaryimage\",\"url\":\"\",\"contentUrl\":\"\"},{\"@type\":\"BreadcrumbList\",\"@id\":\"https:\/\/www.estadios.net\/mineirao\/lazer-e-gastronomia-no-estadio-do-mineirao\/#breadcrumb\",\"itemListElement\":[{\"@type\":\"ListItem\",\"position\":1,\"name\":\"In\u00edcio\",\"item\":\"https:\/\/www.estadios.net\/mineirao\/\"},{\"@type\":\"ListItem\",\"position\":2,\"name\":\"Lazer e Gastronomia no Est\u00e1dio do Mineir\u00e3o\"}]},{\"@type\":\"WebSite\",\"@id\":\"https:\/\/www.estadios.net\/mineirao\/#website\",\"url\":\"https:\/\/www.estadios.net\/mineirao\/\",\"name\":\"Est\u00e1dio do Mineir\u00e3o\",\"description\":\"Est\u00e1dio do Mineir\u00e3o\",\"potentialAction\":[{\"@type\":\"SearchAction\",\"target\":{\"@type\":\"EntryPoint\",\"urlTemplate\":\"https:\/\/www.estadios.net\/mineirao\/?s={search_term_string}\"},\"query-input\":{\"@type\":\"PropertyValueSpecification\",\"valueRequired\":true,\"valueName\":\"search_term_string\"}}],\"inLanguage\":\"pt-BR\"}]}<\/script>\n<!-- \/ Yoast SEO plugin. -->","yoast_head_json":{"title":"Lazer e Gastronomia no Est\u00e1dio do Mineir\u00e3o","description":"Conhe\u00e7a os espa\u00e7os de lazer e gastronomia do Mineir\u00e3o, onde \u00e9 poss\u00edvel encontrar comidas deliciosas, fazer passeios de bike ou participar de eventos!","robots":{"index":"index","follow":"follow","max-snippet":"max-snippet:-1","max-image-preview":"max-image-preview:large","max-video-preview":"max-video-preview:-1"},"canonical":"https:\/\/www.estadios.net\/mineirao\/lazer-e-gastronomia-no-estadio-do-mineirao\/","og_locale":"pt_BR","og_type":"article","og_title":"Lazer e Gastronomia no Est\u00e1dio do Mineir\u00e3o","og_description":"Conhe\u00e7a os espa\u00e7os de lazer e gastronomia do Mineir\u00e3o, onde \u00e9 poss\u00edvel encontrar comidas deliciosas, fazer passeios de bike ou participar de eventos!","og_url":"https:\/\/www.estadios.net\/mineirao\/lazer-e-gastronomia-no-estadio-do-mineirao\/","og_site_name":"Est\u00e1dio do Mineir\u00e3o","article_modified_time":"2018-02-06T17:48:46+00:00","og_image":[{"url":"https:\/\/www.estadios.net\/mineirao\/wp-content\/uploads\/2017\/09\/esplanada-mineirao.jpg","type":"","width":"","height":""}],"twitter_card":"summary_large_image","twitter_misc":{"Est. tempo de leitura":"3 minutos"},"schema":{"@context":"https:\/\/schema.org","@graph":[{"@type":"WebPage","@id":"https:\/\/www.estadios.net\/mineirao\/lazer-e-gastronomia-no-estadio-do-mineirao\/","url":"https:\/\/www.estadios.net\/mineirao\/lazer-e-gastronomia-no-estadio-do-mineirao\/","name":"Lazer e Gastronomia no Est\u00e1dio do Mineir\u00e3o","isPartOf":{"@id":"https:\/\/www.estadios.net\/mineirao\/#website"},"primaryImageOfPage":{"@id":"https:\/\/www.estadios.net\/mineirao\/lazer-e-gastronomia-no-estadio-do-mineirao\/#primaryimage"},"image":{"@id":"https:\/\/www.estadios.net\/mineirao\/lazer-e-gastronomia-no-estadio-do-mineirao\/#primaryimage"},"thumbnailUrl":"https:\/\/www.estadios.net\/mineirao\/wp-content\/uploads\/2017\/09\/esplanada-mineirao.jpg","datePublished":"2017-09-04T15:56:44+00:00","dateModified":"2018-02-06T17:48:46+00:00","description":"Conhe\u00e7a os espa\u00e7os de lazer e gastronomia do Mineir\u00e3o, onde \u00e9 poss\u00edvel encontrar comidas deliciosas, fazer passeios de bike ou participar de eventos!","breadcrumb":{"@id":"https:\/\/www.estadios.net\/mineirao\/lazer-e-gastronomia-no-estadio-do-mineirao\/#breadcrumb"},"inLanguage":"pt-BR","potentialAction":[{"@type":"ReadAction","target":["https:\/\/www.estadios.net\/mineirao\/lazer-e-gastronomia-no-estadio-do-mineirao\/"]}]},{"@type":"ImageObject","inLanguage":"pt-BR","@id":"https:\/\/www.estadios.net\/mineirao\/lazer-e-gastronomia-no-estadio-do-mineirao\/#primaryimage","url":"","contentUrl":""},{"@type":"BreadcrumbList","@id":"https:\/\/www.estadios.net\/mineirao\/lazer-e-gastronomia-no-estadio-do-mineirao\/#breadcrumb","itemListElement":[{"@type":"ListItem","position":1,"name":"In\u00edcio","item":"https:\/\/www.estadios.net\/mineirao\/"},{"@type":"ListItem","position":2,"name":"Lazer e Gastronomia no Est\u00e1dio do Mineir\u00e3o"}]},{"@type":"WebSite","@id":"https:\/\/www.estadios.net\/mineirao\/#website","url":"https:\/\/www.estadios.net\/mineirao\/","name":"Est\u00e1dio do Mineir\u00e3o","description":"Est\u00e1dio do Mineir\u00e3o","potentialAction":[{"@type":"SearchAction","target":{"@type":"EntryPoint","urlTemplate":"https:\/\/www.estadios.net\/mineirao\/?s={search_term_string}"},"query-input":{"@type":"PropertyValueSpecification","valueRequired":true,"valueName":"search_term_string"}}],"inLanguage":"pt-BR"}]}},"_links":{"self":[{"href":"https:\/\/www.estadios.net\/mineirao\/wp-json\/wp\/v2\/pages\/623","targetHints":{"allow":["GET"]}}],"collection":[{"href":"https:\/\/www.estadios.net\/mineirao\/wp-json\/wp\/v2\/pages"}],"about":[{"href":"https:\/\/www.estadios.net\/mineirao\/wp-json\/wp\/v2\/types\/page"}],"author":[{"embeddable":true,"href":"https:\/\/www.estadios.net\/mineirao\/wp-json\/wp\/v2\/users\/1"}],"replies":[{"embeddable":true,"href":"https:\/\/www.estadios.net\/mineirao\/wp-json\/wp\/v2\/comments?post=623"}],"version-history":[{"count":0,"href":"https:\/\/www.estadios.net\/mineirao\/wp-json\/wp\/v2\/pages\/623\/revisions"}],"wp:attachment":[{"href":"https:\/\/www.estadios.net\/mineirao\/wp-json\/wp\/v2\/media?parent=623"}],"curies":[{"name":"wp","href":"https:\/\/api.w.org\/{rel}","templated":true}]}}