{"id":619,"date":"2017-09-04T12:55:16","date_gmt":"2017-09-04T15:55:16","guid":{"rendered":"https:\/\/www.estadios.net\/mineirao\/?page_id=619"},"modified":"2019-06-11T17:04:41","modified_gmt":"2019-06-11T20:04:41","slug":"historia-do-estadio-do-mineirao","status":"publish","type":"page","link":"https:\/\/www.estadios.net\/mineirao\/historia-do-estadio-do-mineirao\/","title":{"rendered":"Hist\u00f3ria do Est\u00e1dio do Mineir\u00e3o"},"content":{"rendered":"<h2><span id=\"Constru.C3.A7.C3.A3o\" class=\"mw-headline\">Constru\u00e7\u00e3o Mineir\u00e3o Est\u00e1dio\u00a0<\/span><\/h2>\n<p>Quando come\u00e7aram as obras do <strong>Est\u00e1dio Mineir\u00e3o<\/strong>, em 1959, engenheiros e oper\u00e1rios n\u00e3o tinham certeza de que elas seriam conclu\u00eddas. Gil C\u00e9sar, o administrador da constru\u00e7\u00e3o, enfrentou crises financeiras, mas soube usar a pol\u00edtica em proveito do Mineir\u00e3o. Apesar do controle extremado dos gastos, as obras enfrentavam, a cada etapa, o esgotamento de recursos. O empr\u00e9stimo inicial de 100 milh\u00f5es de cruzeiros evaporou na execu\u00e7\u00e3o dos primeiros servi\u00e7os de funda\u00e7\u00e3o. Durante um ano e meio, a empreitada seguiu um ritmo lento, trabalhando com equipamento reduzido e com pessoal m\u00ednimo indispens\u00e1vel. Enquanto um grupo agia politicamente para modificar leis que possibilitassem a obten\u00e7\u00e3o de recursos e tamb\u00e9m convencer o governador Magalh\u00e3es Pinto de bancar a constru\u00e7\u00e3o, a AEMG procurava adaptar-se \u00e0 fr\u00e1gil situa\u00e7\u00e3o financeira.<\/p>\n<p>O novo est\u00e1dio foi al\u00e7ado a emblema para a engenharia nacional ao oferecer in\u00fameros exemplos de evolu\u00e7\u00e3o na constru\u00e7\u00e3o civil. A equipe de engenheiros do Mineir\u00e3o foi ao extremo nos detalhes. Passou o Maracan\u00e3 por um verdadeiro raio-x, localizando defici\u00eancias que n\u00e3o deveriam ser repetidas no campo mineiro. Em 1964, Gil C\u00e9sar foi buscar em T\u00f3quio, onde foram erguidas arenas para as Olimp\u00edadas, novidades sobre este tipo de obra. Os profissionais anotaram particularidades e inova\u00e7\u00f5es de engenharia. Preocuparam-se at\u00e9 com a qualidade da grama, balizas e outras min\u00facias.<\/p>\n<p>A grande d\u00favida que testava engenheiros e oper\u00e1rios era quanto \u00e0 capacidade de se executar uma superestrutura &#8211; uma falsa elipse, medindo o eixo maior 275 metros e o menor 217 metros &#8211; utilizando equipamento convencional. Para avaliar e suprimir incertezas, foi projetado um mini-Mineir\u00e3o, chamado de setor experimental 15 ( hoje, abrigando a torcida do Atl\u00e9tico ) onde um elo de arquibancadas e coberturas seria submetido a todo tipo de prova. Usinas de concreto, correias transportadoras, graus, carregadeiras e lan\u00e7adeiras foram testadas. A complexidade da obra exigia barras de ferros em comprimentos que a ind\u00fastria n\u00e3o tinha condi\u00e7\u00f5es de atender. A solu\u00e7\u00e3o veio no pr\u00f3prio canteiro de obras, onde engenheiros e oper\u00e1rios utilizaram soldas para promover a extens\u00e3o das barras.<\/p>\n<p>Com recursos dispon\u00edveis podia-se contratar mais gente, mas a AEMG esbarrou na falta de pessoal qualificado. Feita uma concorr\u00eancia p\u00fablica para fornecimento de m\u00e3o de obra, constatou-se ser inexequ\u00edvel, pois o pre\u00e7o cobrado &#8211; 15 milh\u00f5es de cruzeiros &#8211; era infinitamente alto para o caixa da administra\u00e7\u00e3o do novo campo. Comprovou-se, no futuro, que o valor pedido pelas empresas daria para construir um Mineir\u00e3o e meio. Na presta\u00e7\u00e3o de contas, o &#8220;gigante da Pampulha&#8221; consumira um total de 10 milh\u00f5es de cruzeiros.<\/p>\n<p>Diante da inexist\u00eancia de m\u00e3o de obra especializada dispon\u00edvel, a AEMG promoveu o treinamento de pedreiros, carpinteiros, armadores e outros profissionais. Turmas inteiras foram formadas, e centenas de oper\u00e1rios ganharam qualifica\u00e7\u00e3o para exercer fun\u00e7\u00f5es especiais. Neste est\u00e1gio, a administra\u00e7\u00e3o conseguiu reunir n\u00famero necess\u00e1rio e indispens\u00e1vel para tocar a obra em ritmo acelerado. Entre agosto de 1964 e julho de 1965, a constru\u00e7\u00e3o saltou de um \u00fanico setor (o experimental) para oferecer ao pa\u00eds o mais moderno est\u00e1dio do mundo.<\/p>\n<p><img loading=\"lazy\" decoding=\"async\" class=\"alignnone wp-image-1163 size-full\" title=\"Constru\u00e7\u00e3o Mineir\u00e3o\" src=\"https:\/\/www.estadios.net\/mineirao\/wp-content\/uploads\/2017\/09\/mineirao-construcao.jpg\" alt=\"Constru\u00e7\u00e3o Mineir\u00e3o\" width=\"680\" height=\"371\" \/><\/p>\n<p>Para apressar a constru\u00e7\u00e3o e abreviar o drama do or\u00e7amento, Gil C\u00e9sar lan\u00e7ou a opera\u00e7\u00e3o 24 horas por dia, dividindo em tr\u00eas turnos os tr\u00eas mil oper\u00e1rios contratados. O servi\u00e7o n\u00e3o parava um minuto sequer. Do alto do edif\u00edcio Acaiaca, no centro de Belo Horizonte, via-se um enorme clar\u00e3o de luz vindo dos lados do futuro Mineir\u00e3o. A administra\u00e7\u00e3o passou a gratificar as equipes por produ\u00e7\u00e3o e criatividade, promovendo uma competi\u00e7\u00e3o entre os diversos setores da constru\u00e7\u00e3o. A ideia do &#8220;joguinho local&#8221; deu t\u00e3o certo que muitas frentes foram conclu\u00eddas bem antes do prazo estipulado. O processo de tempo integral permitiu que o est\u00e1dio fosse entregue \u00e0 popula\u00e7\u00e3o em oito meses. Mesmo em ritmo alucinante e sob press\u00e3o, apenas um trabalhador morreu durante toda a constru\u00e7\u00e3o da arena. 7.200 oper\u00e1rios trabalharam na constru\u00e7\u00e3o. A capacidade original era de 130.000 pessoas.<\/p>\n<h3>Primeiros anos Mineir\u00e3o Cruzeiro<\/h3>\n<p>Foi inaugurado em 5 de setembro de 1965, com uma partida entre a Sele\u00e7\u00e3o Mineira e o River Plate, da Argentina. Com um p\u00fablico de 73.201, as festividades tiveram direito a m\u00fasica, fogos e paraquedistas. Na partida inicial, o combinado estadual venceu por 1 a 0, com gol do jogador do Atl\u00e9tico, Bugl\u00ea.<\/p>\n<p>No dia 7 de setembro (data da independ\u00eancia brasileira), foi realizada a primeira partida da Sele\u00e7\u00e3o Brasileira no est\u00e1dio. A equipe do Palmeiras inteira, incluindo comiss\u00e3o t\u00e9cnica e os reservas, vestiram a camisa da sele\u00e7\u00e3o, para jogar um amistoso contra a sele\u00e7\u00e3o do Uruguai. Os brasileiros venceram por 3 a 0.<\/p>\n<p>A primeira equipe a jogar um torneio interestadual oficial no Mineir\u00e3o foi o Esporte Clube Sider\u00fargica. Campe\u00f5es mineiros de 1964, eles inauguraram uma era de grandes torneios nacionais jogados no Mineir\u00e3o. Na Ta\u00e7a Brasil de 1965, jogaram a decis\u00e3o da chave central contra o Atl\u00e9tico Clube Goianiense. Tendo vencido o primeiro jogo por 3 a 0, sa\u00edram atr\u00e1s do marcador mas viraram a partida para 3 a 1. Na fase seguinte, a decis\u00e3o da chave centro-sul, o Sider\u00fargica sucumbiu ante ao Gr\u00eamio Foot-Ball Porto Alegrense, saindo de Porto Alegre derrotados por 3 a 1 e apenas empatando em dois gols no Mineir\u00e3o.<\/p>\n<p>O primeiro cl\u00e1ssico realizado no est\u00e1dio Mineir\u00e3o foi pelo campeonato mineiro de 1965. O Cruzeiro vencia o Atl\u00e9tico por 1 a 0 quando, aos 34 minutos do 2\u00ba tempo, alguns diretores atleticanos, alegando a marca\u00e7\u00e3o de um p\u00eanalti irregular, invadiram o campo afirmando que a falta acontecera sobre a linha da \u00e1rea (esquecendo que a mesma faz parte dela). A partida foi encerrada ap\u00f3s o Atl\u00e9tico ter v\u00e1rios jogadores expulsos e o Cruzeiro ficou com o t\u00edtulo mineiro daquele ano, abrindo a Era Mineir\u00e3o.<\/p>\n<p>Organizado pela Federa\u00e7\u00e3o Mineira de Futebol, a hist\u00f3ria do campeonato pode ser dividida em duas partes: antes e depois da constru\u00e7\u00e3o do Mineir\u00e3o, que foi inaugurado em setembro de 1965. A \u00e9poca chamada de Era Mineir\u00e3o marca o crescimento do time mais jovem da capital, o Cruzeiro, que assumiu um papel de destaque no cen\u00e1rio esportivo nacional ap\u00f3s vencer o Santos de Pel\u00e9 na final da Ta\u00e7a Brasil de 1966 e, em poucos anos, se tornou o clube mineiro com maior n\u00famero de t\u00edtulos nacionais e internacionais.<\/p>\n<h3>Era Mineir\u00e3o<\/h3>\n<p>O Cruzeiro disputou dois jogos finais da Libertadores no Mineir\u00e3o, vencendo em 1997 e perdendo 2009. Tamb\u00e9m disputou no est\u00e1dio parte das s\u00e9ries finais de 1976 e 1977. Em 21 de dezembro de 1976, o Mineir\u00e3o foi palco da partida final da Ta\u00e7a Intercontinental, disputada entre Cruzeiro e Bayern de Munique. Na \u00e9poca, o t\u00edtulo era disputado em duas partidas. No primeiro duelo, na Alemanha, o time da casa venceu por 2 a 0. Com um empate por 0 a 0 no Mineir\u00e3o, o Bayern se consagrou campe\u00e3o. O est\u00e1dio tamb\u00e9m abrigou tr\u00eas t\u00edtulos do Cruzeiro na Copa do Brasil, em 1993, 2000 e 2003, e a \u00faltima conquista do Atl\u00e9tico na Copa Conmebol, em 1997. Em 12 de agosto de 2003 o est\u00e1dio foi tombado pelo Conselho Deliberativo do Patrim\u00f4nio Cultural do Munic\u00edpio de Belo Horizonte.<\/p>\n<p>Entre 1996 e 2003, diversas reformas renovaram o Mineir\u00e3o. Em 1996, o est\u00e1dio ficou fechado por cinco meses para a troca do gramado. Depois ocorreram substitui\u00e7\u00f5es dos sistemas de drenagem e irriga\u00e7\u00e3o, mais ilumina\u00e7\u00e3o e placar eletr\u00f4nico, melhorias nos vesti\u00e1rios, e a instala\u00e7\u00e3o de pilares de sustenta\u00e7\u00e3o na arquibancada para diminuir a vibra\u00e7\u00e3o das mesmas.<\/p>\n<p>Em 2004, por exig\u00eancia da FIFA para o jogo das Eliminat\u00f3rias da Copa do Mundo de 2006 entre Brasil e Argentina, todo o setor das arquibancadas superiores foi coberto por cadeiras numeradas. Posteriormente, as arquibancadas inferiores tamb\u00e9m tiveram cadeiras colocadas em sua extens\u00e3o. Em junho de 2008, para sediar novamente o maior cl\u00e1ssico sul-americano, v\u00e1lido pelas Eliminat\u00f3rias da Copa do Mundo de 2010, o est\u00e1dio teve o placar trocado. Foram instalados dois tel\u00f5es de 75 metros quadrados cada.<\/p>\n<h3>Reformas para a Copa do Mundo de 2014<\/h3>\n<p>Com a escolha do Brasil como pa\u00eds-sede da Copa do Mundo FIFA de 2014, Belo Horizonte, juntamente com Rio de Janeiro, S\u00e3o Paulo, Bras\u00edlia e Porto Alegre, foi uma das cidades pr\u00e9-selecionadas para sediar os jogos. Em 2 de fevereiro de 2009 o governo de Minas Gerais apresentou o projeto de moderniza\u00e7\u00e3o do Mineir\u00e3o. O projeto apresentado assegurou a preserva\u00e7\u00e3o da fachada original ( nos mesmo moldes em que foi realizada a reforma do Est\u00e1dio Ol\u00edmpico de Berlim ). Em 31 de maio, a Fifa anunciou as 12 cidades sedes da Copa do Mundo de 2014, confirmando a capital mineira como uma delas.<\/p>\n<p>Em 2010, o est\u00e1dio foi fechado para as reformas necess\u00e1rias para a Copa. Os \u00faltimos eventos no est\u00e1dio foram o jogo Atl\u00e9tico 0 x 1 Cear\u00e1, em 6 de junho, e um show gratuito do Skank em 19 de junho, registrado no CD e DVD Multishow Ao Vivo &#8211; Skank no Mineir\u00e3o. Ainda em 2010, durante as obras de reforma, o est\u00e1dio teve o processo de rebaixamento do gramado iniciado. O gramado foi rebaixado em 3,4 metros.<\/p>\n<p>A Minas Arena \u00e9 uma sociedade de prop\u00f3sito espec\u00edfico, constitu\u00edda pelas construtoras Construcap, Egesa e HAP Engenharia. A sociedade foi respons\u00e1vel pela execu\u00e7\u00e3o das obras de reforma e moderniza\u00e7\u00e3o do est\u00e1dio Mineir\u00e3o, realizadas entre 2010 e 2012, tornando-se respons\u00e1vel pela opera\u00e7\u00e3o do est\u00e1dio por 25 anos. Em 2011, o est\u00e1dio recebeu a instala\u00e7\u00e3o de 166 amortecedores sob a parte superior da estrutura, em substitui\u00e7\u00e3o \u00e0s hastes verticais que tinham debaixo de todo anel.<\/p>\n<p><img loading=\"lazy\" decoding=\"async\" class=\"alignnone wp-image-1164 size-full\" title=\"Novo Mineir\u00e3o\" src=\"https:\/\/www.estadios.net\/mineirao\/wp-content\/uploads\/2017\/09\/mineirao-novo.jpg\" alt=\"Novo Mineir\u00e3o\" width=\"680\" height=\"372\" \/><\/p>\n<p>A cobertura do teto do est\u00e1dio foi ampliada para proteger os assentos de eventuais chuvas durante as partidas. A geral passou por reformas e, assim como ocorreu no Maracan\u00e3, foram colocadas cadeiras. Inicialmente, a mudan\u00e7a reduziria a capacidade do Mineir\u00e3o de 75.783 espectadores para 64.000. Na parte externa, a principal adapta\u00e7\u00e3o ficou por conta do transporte, com a amplia\u00e7\u00e3o do estacionamento. Fora isso, cerca de 400 \u00f4nibus devem abastecer o est\u00e1dio em dias de jogos. Foi erguida ainda uma esplanada ao redor do est\u00e1dio, com cerca de 80 mil m\u00b2 que comporta mais de 65 mil pessoas e abriga eventos.<\/p>\n<p>O Minist\u00e9rio P\u00fablico Federal (MPF) enviou no dia 5 de junho de 2012, uma recomenda\u00e7\u00e3o ao Banco Nacional de Desenvolvimento Econ\u00f4mico e Social (BNDES) para que a institui\u00e7\u00e3o suspendesse qualquer repasse para as obras de adequa\u00e7\u00e3o do est\u00e1dio Mineir\u00e3o, objetivando a Copa do Mundo de 2014. O MPF queria que os recursos na ordem de R$ 160 milh\u00f5es fossem liberados apenas ap\u00f3s o Tribunal de Contas do Estado (TCE) atestasse que n\u00e3o houvesse irregularidades no projeto.<\/p>\n<p>No dia 9 de Novembro, o Mineir\u00e3o foi o primeiro est\u00e1dio da Copa 2014 a receber o plantio do gramado. O valor final das reformas do est\u00e1dio foi de R$666,3 milh\u00f5es. A BCMF Arquitetos foi respons\u00e1vel pela reforma do Est\u00e1dio Mineir\u00e3o.<\/p>\n<h3>Mineir\u00e3o Hoje<\/h3>\n<p>Depois de quase tr\u00eas anos de obras, o est\u00e1dio foi reaberto ao p\u00fablico no dia 21 de dezembro de 2012 e tornou-se o segundo est\u00e1dio da Copa do Mundo de 2014 a ser entregue, depois do Castel\u00e3o de Fortaleza. O evento oficial contou com a participa\u00e7\u00e3o da presidente Dilma Rousseff. A reinaugura\u00e7\u00e3o foi celebrada com um show da banda mineira Jota Quest, realizado em um palco montado na rec\u00e9m constru\u00edda esplanada do est\u00e1dio. Cerca de 20 mil pessoas estiveram presentes.<\/p>\n<p>O jogo de reinaugura\u00e7\u00e3o foi o cl\u00e1ssico Atl\u00e9tico contra Cruzeiro em 3 de fevereiro de 2013, na estreia do Campeonato Mineiro. O primeiro gol do &#8220;novo Mineir\u00e3o&#8221;, foi um gol contra, Marcos Rocha do Atl\u00e9tico, acabou marcando contra sua baliza ao disputar uma bola a\u00e9rea com o atacante Anselmo Ramon, aos 22 minutos do primeiro tempo, o Cruzeiro venceu a partida pelo placar de 2&#215;1. O p\u00fablico presente na partida foi de 59.968 e o p\u00fablico pagante, aproximadamente 53 mil pessoas, o que gerou a maior renda da hist\u00f3ria do Mineir\u00e3o: R$ 3.677.635,00. A renda viria a ser superada em julho na final da Copa Libertadores da Am\u00e9rica de 2013, onde o Atl\u00e9tico sagrou-se campe\u00e3o diante do Club Olimpia. A renda foi de R$ 14.176.146,00.<\/p>\n<p>Apesar de rec\u00e9m-entregue, contudo, o primeiro cl\u00e1ssico abrigado pelo est\u00e1dio foi alvo de queixas dos torcedores, que sofreram com falta de luz e \u00e1gua. O governador Ant\u00f4nio Anastasia, no entanto, minimizou a situa\u00e7\u00e3o dizendo que, at\u00e9 ent\u00e3o, s\u00f3 ouvira &#8220;elogios&#8221;.<\/p>\n<h3>Copa Am\u00e9rica 2019 no Est\u00e1dio do Mineir\u00e3o<\/h3>\n<p>A <a href=\"https:\/\/www.estadios.net\/mineirao\/copa-america-2019-no-estadio-do-mineirao\/\" target=\"_blank\" rel=\"noopener\"><strong>Copa Am\u00e9rica 2019 no\u00a0Est\u00e1dio do\u00a0Mineir\u00e3o<\/strong><\/a>, principal est\u00e1dio de Minas Gerais, foi palco de cinco partidas da <em>Copa Am\u00e9rica 2019<\/em>. O est\u00e1dio recebeu grandes sele\u00e7\u00f5es do continente, como Uruguai e Argentina, al\u00e9m do convidado Jap\u00e3o.<\/p>\n<p>Recentemente passou por algumas interven\u00e7\u00f5es para receber a Copa Am\u00e9rica 2019. O Centro de M\u00eddia foi instalado em um dos estacionamentos do est\u00e1dio. A tribuna de imprensa tamb\u00e9m foi ampliada e instalada bancadas mais pr\u00f3xima a setores onde tradicionalmente a torcida se posiciona.<\/p>\n<p>Para os torcedores n\u00e3o houve grandes mudan\u00e7as, apenas algumas estruturas instaladas pr\u00f3ximo aos camarotes. J\u00e1 o gramado de inverno plantado no in\u00edcio de 2019 foi o grande destaque, pois com as chuvas ajudaram o gramado a ficar um verdadeiro tapete.<\/p>\n<p><strong><em>Jogos da Copa Am\u00e9rica no Mineir\u00e3o<\/em><\/strong><\/p>\n<p>16 de junho, 19h: Uruguai x Equador (fase de grupos)<\/p>\n<p>19 de junho, 21h30: Argentina x Paraguai (fase de grupos)<\/p>\n<p>22 de junho, 16h: Bol\u00edvia x Venezuela (fase de grupos)<\/p>\n<p>24 de junho, 20h: Equador x Jap\u00e3o (fase de grupos)<\/p>\n<p>2 de julho, 21h30: Semifinal 1<\/p>\n<p>&nbsp;<\/p>\n","protected":false},"excerpt":{"rendered":"<p>Constru\u00e7\u00e3o Mineir\u00e3o Est\u00e1dio\u00a0 Quando come\u00e7aram as obras do Est\u00e1dio Mineir\u00e3o, em 1959, engenheiros e oper\u00e1rios n\u00e3o tinham certeza de que elas seriam conclu\u00eddas. Gil C\u00e9sar, o administrador da constru\u00e7\u00e3o, enfrentou crises financeiras, mas soube usar a pol\u00edtica em proveito do Mineir\u00e3o. Apesar do controle extremado dos gastos, as obras enfrentavam, a cada etapa, o esgotamento [&hellip;]<\/p>\n","protected":false},"author":1,"featured_media":0,"parent":0,"menu_order":0,"comment_status":"closed","ping_status":"closed","template":"","meta":{"footnotes":""},"class_list":["post-619","page","type-page","status-publish","hentry"],"yoast_head":"<!-- This site is optimized with the Yoast SEO plugin v25.8 - https:\/\/yoast.com\/wordpress\/plugins\/seo\/ -->\n<title>Hist\u00f3ria Est\u00e1dio do Mineir\u00e3o<\/title>\n<meta name=\"description\" content=\"Saiba mais sobre o Est\u00e1dio do Mineir\u00e3o, sua constru\u00e7\u00e3o, seus primeiros anos e suas reformas para receber a copa do mundo no Brasil.\" \/>\n<meta name=\"robots\" content=\"index, follow, max-snippet:-1, max-image-preview:large, max-video-preview:-1\" \/>\n<link rel=\"canonical\" href=\"https:\/\/www.estadios.net\/mineirao\/historia-do-estadio-do-mineirao\/\" \/>\n<meta property=\"og:locale\" content=\"pt_BR\" \/>\n<meta property=\"og:type\" content=\"article\" \/>\n<meta property=\"og:title\" content=\"Hist\u00f3ria Est\u00e1dio do Mineir\u00e3o\" \/>\n<meta property=\"og:description\" content=\"Saiba mais sobre o Est\u00e1dio do Mineir\u00e3o, sua constru\u00e7\u00e3o, seus primeiros anos e suas reformas para receber a copa do mundo no Brasil.\" \/>\n<meta property=\"og:url\" content=\"https:\/\/www.estadios.net\/mineirao\/historia-do-estadio-do-mineirao\/\" \/>\n<meta property=\"og:site_name\" content=\"Est\u00e1dio do Mineir\u00e3o\" \/>\n<meta property=\"article:modified_time\" content=\"2019-06-11T20:04:41+00:00\" \/>\n<meta property=\"og:image\" content=\"https:\/\/www.estadios.net\/mineirao\/wp-content\/uploads\/2017\/09\/mineirao-construcao.jpg\" \/>\n<meta name=\"twitter:card\" content=\"summary_large_image\" \/>\n<meta name=\"twitter:label1\" content=\"Est. tempo de leitura\" \/>\n\t<meta name=\"twitter:data1\" content=\"12 minutos\" \/>\n<script type=\"application\/ld+json\" class=\"yoast-schema-graph\">{\"@context\":\"https:\/\/schema.org\",\"@graph\":[{\"@type\":\"WebPage\",\"@id\":\"https:\/\/www.estadios.net\/mineirao\/historia-do-estadio-do-mineirao\/\",\"url\":\"https:\/\/www.estadios.net\/mineirao\/historia-do-estadio-do-mineirao\/\",\"name\":\"Hist\u00f3ria Est\u00e1dio do Mineir\u00e3o\",\"isPartOf\":{\"@id\":\"https:\/\/www.estadios.net\/mineirao\/#website\"},\"primaryImageOfPage\":{\"@id\":\"https:\/\/www.estadios.net\/mineirao\/historia-do-estadio-do-mineirao\/#primaryimage\"},\"image\":{\"@id\":\"https:\/\/www.estadios.net\/mineirao\/historia-do-estadio-do-mineirao\/#primaryimage\"},\"thumbnailUrl\":\"https:\/\/www.estadios.net\/mineirao\/wp-content\/uploads\/2017\/09\/mineirao-construcao.jpg\",\"datePublished\":\"2017-09-04T15:55:16+00:00\",\"dateModified\":\"2019-06-11T20:04:41+00:00\",\"description\":\"Saiba mais sobre o Est\u00e1dio do Mineir\u00e3o, sua constru\u00e7\u00e3o, seus primeiros anos e suas reformas para receber a copa do mundo no Brasil.\",\"breadcrumb\":{\"@id\":\"https:\/\/www.estadios.net\/mineirao\/historia-do-estadio-do-mineirao\/#breadcrumb\"},\"inLanguage\":\"pt-BR\",\"potentialAction\":[{\"@type\":\"ReadAction\",\"target\":[\"https:\/\/www.estadios.net\/mineirao\/historia-do-estadio-do-mineirao\/\"]}]},{\"@type\":\"ImageObject\",\"inLanguage\":\"pt-BR\",\"@id\":\"https:\/\/www.estadios.net\/mineirao\/historia-do-estadio-do-mineirao\/#primaryimage\",\"url\":\"\",\"contentUrl\":\"\"},{\"@type\":\"BreadcrumbList\",\"@id\":\"https:\/\/www.estadios.net\/mineirao\/historia-do-estadio-do-mineirao\/#breadcrumb\",\"itemListElement\":[{\"@type\":\"ListItem\",\"position\":1,\"name\":\"In\u00edcio\",\"item\":\"https:\/\/www.estadios.net\/mineirao\/\"},{\"@type\":\"ListItem\",\"position\":2,\"name\":\"Hist\u00f3ria do Est\u00e1dio do Mineir\u00e3o\"}]},{\"@type\":\"WebSite\",\"@id\":\"https:\/\/www.estadios.net\/mineirao\/#website\",\"url\":\"https:\/\/www.estadios.net\/mineirao\/\",\"name\":\"Est\u00e1dio do Mineir\u00e3o\",\"description\":\"Est\u00e1dio do Mineir\u00e3o\",\"potentialAction\":[{\"@type\":\"SearchAction\",\"target\":{\"@type\":\"EntryPoint\",\"urlTemplate\":\"https:\/\/www.estadios.net\/mineirao\/?s={search_term_string}\"},\"query-input\":{\"@type\":\"PropertyValueSpecification\",\"valueRequired\":true,\"valueName\":\"search_term_string\"}}],\"inLanguage\":\"pt-BR\"}]}<\/script>\n<!-- \/ Yoast SEO plugin. -->","yoast_head_json":{"title":"Hist\u00f3ria Est\u00e1dio do Mineir\u00e3o","description":"Saiba mais sobre o Est\u00e1dio do Mineir\u00e3o, sua constru\u00e7\u00e3o, seus primeiros anos e suas reformas para receber a copa do mundo no Brasil.","robots":{"index":"index","follow":"follow","max-snippet":"max-snippet:-1","max-image-preview":"max-image-preview:large","max-video-preview":"max-video-preview:-1"},"canonical":"https:\/\/www.estadios.net\/mineirao\/historia-do-estadio-do-mineirao\/","og_locale":"pt_BR","og_type":"article","og_title":"Hist\u00f3ria Est\u00e1dio do Mineir\u00e3o","og_description":"Saiba mais sobre o Est\u00e1dio do Mineir\u00e3o, sua constru\u00e7\u00e3o, seus primeiros anos e suas reformas para receber a copa do mundo no Brasil.","og_url":"https:\/\/www.estadios.net\/mineirao\/historia-do-estadio-do-mineirao\/","og_site_name":"Est\u00e1dio do Mineir\u00e3o","article_modified_time":"2019-06-11T20:04:41+00:00","og_image":[{"url":"https:\/\/www.estadios.net\/mineirao\/wp-content\/uploads\/2017\/09\/mineirao-construcao.jpg","type":"","width":"","height":""}],"twitter_card":"summary_large_image","twitter_misc":{"Est. tempo de leitura":"12 minutos"},"schema":{"@context":"https:\/\/schema.org","@graph":[{"@type":"WebPage","@id":"https:\/\/www.estadios.net\/mineirao\/historia-do-estadio-do-mineirao\/","url":"https:\/\/www.estadios.net\/mineirao\/historia-do-estadio-do-mineirao\/","name":"Hist\u00f3ria Est\u00e1dio do Mineir\u00e3o","isPartOf":{"@id":"https:\/\/www.estadios.net\/mineirao\/#website"},"primaryImageOfPage":{"@id":"https:\/\/www.estadios.net\/mineirao\/historia-do-estadio-do-mineirao\/#primaryimage"},"image":{"@id":"https:\/\/www.estadios.net\/mineirao\/historia-do-estadio-do-mineirao\/#primaryimage"},"thumbnailUrl":"https:\/\/www.estadios.net\/mineirao\/wp-content\/uploads\/2017\/09\/mineirao-construcao.jpg","datePublished":"2017-09-04T15:55:16+00:00","dateModified":"2019-06-11T20:04:41+00:00","description":"Saiba mais sobre o Est\u00e1dio do Mineir\u00e3o, sua constru\u00e7\u00e3o, seus primeiros anos e suas reformas para receber a copa do mundo no Brasil.","breadcrumb":{"@id":"https:\/\/www.estadios.net\/mineirao\/historia-do-estadio-do-mineirao\/#breadcrumb"},"inLanguage":"pt-BR","potentialAction":[{"@type":"ReadAction","target":["https:\/\/www.estadios.net\/mineirao\/historia-do-estadio-do-mineirao\/"]}]},{"@type":"ImageObject","inLanguage":"pt-BR","@id":"https:\/\/www.estadios.net\/mineirao\/historia-do-estadio-do-mineirao\/#primaryimage","url":"","contentUrl":""},{"@type":"BreadcrumbList","@id":"https:\/\/www.estadios.net\/mineirao\/historia-do-estadio-do-mineirao\/#breadcrumb","itemListElement":[{"@type":"ListItem","position":1,"name":"In\u00edcio","item":"https:\/\/www.estadios.net\/mineirao\/"},{"@type":"ListItem","position":2,"name":"Hist\u00f3ria do Est\u00e1dio do Mineir\u00e3o"}]},{"@type":"WebSite","@id":"https:\/\/www.estadios.net\/mineirao\/#website","url":"https:\/\/www.estadios.net\/mineirao\/","name":"Est\u00e1dio do Mineir\u00e3o","description":"Est\u00e1dio do Mineir\u00e3o","potentialAction":[{"@type":"SearchAction","target":{"@type":"EntryPoint","urlTemplate":"https:\/\/www.estadios.net\/mineirao\/?s={search_term_string}"},"query-input":{"@type":"PropertyValueSpecification","valueRequired":true,"valueName":"search_term_string"}}],"inLanguage":"pt-BR"}]}},"_links":{"self":[{"href":"https:\/\/www.estadios.net\/mineirao\/wp-json\/wp\/v2\/pages\/619","targetHints":{"allow":["GET"]}}],"collection":[{"href":"https:\/\/www.estadios.net\/mineirao\/wp-json\/wp\/v2\/pages"}],"about":[{"href":"https:\/\/www.estadios.net\/mineirao\/wp-json\/wp\/v2\/types\/page"}],"author":[{"embeddable":true,"href":"https:\/\/www.estadios.net\/mineirao\/wp-json\/wp\/v2\/users\/1"}],"replies":[{"embeddable":true,"href":"https:\/\/www.estadios.net\/mineirao\/wp-json\/wp\/v2\/comments?post=619"}],"version-history":[{"count":0,"href":"https:\/\/www.estadios.net\/mineirao\/wp-json\/wp\/v2\/pages\/619\/revisions"}],"wp:attachment":[{"href":"https:\/\/www.estadios.net\/mineirao\/wp-json\/wp\/v2\/media?parent=619"}],"curies":[{"name":"wp","href":"https:\/\/api.w.org\/{rel}","templated":true}]}}