{"id":1201,"date":"2018-02-08T11:20:06","date_gmt":"2018-02-08T13:20:06","guid":{"rendered":"https:\/\/www.estadios.net\/mineirao\/?page_id=1201"},"modified":"2018-02-08T14:54:19","modified_gmt":"2018-02-08T16:54:19","slug":"conjunto-arquitetonico-da-pampulha","status":"publish","type":"page","link":"https:\/\/www.estadios.net\/mineirao\/conjunto-arquitetonico-da-pampulha\/","title":{"rendered":"Conjunto Arquitet\u00f4nico da Pampulha"},"content":{"rendered":"<p>O <strong>Conjunto Arquitet\u00f4nico da Pampulha<\/strong>, em Belo Horizonte, foi <em>projetado por Oscar Niemeyer<\/em>, sob encomenda do ent\u00e3o prefeito Juscelino Kubitschek, e constru\u00eddo entre 1942 e 1944.<\/p>\n<h2>Conjunto Arquitet\u00f4nico da Pampulha Hist\u00f3ria<\/h2>\n<p>Juscelino desejava desenvolver uma \u00e1rea ao norte da cidade, chamada Pampulha. Encomendou ent\u00e3o ao jovem e j\u00e1 reconhecido arquiteto Oscar Niemeyer o projeto de um conjunto de edif\u00edcios em torno da lagoa artificial da Pampulha: um casino, uma igreja, uma casa de baile, um clube e um hotel. \u00c0 exce\u00e7\u00e3o do hotel, o conjunto, que teve c\u00e1lculos estruturais do engenheiro Joaquim Cardoso, se concretizou com a inaugura\u00e7\u00e3o em 16 de maio de 1943, nas presen\u00e7as do presidente Get\u00falio Vargas e do governador do estado de Minas Gerais, Benedito Valadares. O casino se tornou o Museu de Arte da Pampulha ( MAP ) em 1957.<\/p>\n<h3>Conjunto Arquitet\u00f4nico da Pampulha Patrim\u00f4nio Cultural da Humanidade<\/h3>\n<p>Em 2013, a prefeitura de Belo Horizonte manifestou interesse em apresentar a candidatura do Conjunto Arquitet\u00f4nico da Pampulha para receber o t\u00edtulo de Patrim\u00f4nio Mundial da UNESCO. Uma representante da UNESCO visitou a regi\u00e3o em 2015, ano em que a Pampulha era \u00fanica candidata.<\/p>\n<p>Para garantir melhores condi\u00e7\u00f5es do patrim\u00f4nio, o MAP recebeu uma grande reforma durando dois anos a partir de julho de 2016, e duas pra\u00e7as da regi\u00e3o tiveram seus projetos de paisagismo recuperados. Em 17 de julho de 2016, o local passou a ser considerado um Patrim\u00f4nio da Humanidade ap\u00f3s reuni\u00e3o de membros da Unesco em Istambul, na Turquia. \u00c9 categorizado como uma Paisagem Cultural.<\/p>\n<h3>O que faz parte do Conjunto\u00a0Arquitet\u00f4nico da Pampulha?<\/h3>\n<ul>\n<li>Igreja de S\u00e3o Francisco de Assis<\/li>\n<li>Casino ( atual Museu de Arte da Pampulha )<\/li>\n<li>Casa do Baile<\/li>\n<li>Iate T\u00eanis Clube<\/li>\n<li>Casa Kubitschek<\/li>\n<li>Mineir\u00e3o<\/li>\n<li>Mineirinho<\/li>\n<\/ul>\n<p><img loading=\"lazy\" decoding=\"async\" class=\"alignnone wp-image-1205 size-full\" title=\"Conjunto Arquitet\u00f4nico da Pampulha\" src=\"https:\/\/www.estadios.net\/mineirao\/wp-content\/uploads\/2018\/02\/conjunto-arquitetonico-pampulha.jpg\" alt=\"Conjunto Arquitet\u00f4nico da Pampulha\" width=\"680\" height=\"383\" \/><\/p>\n<h3>Igreja S\u00e3o Francisco de Assis da Pampulha<\/h3>\n<p>A Igreja S\u00e3o Francisco de Assis da Pampulha, em Belo Horizonte, Minas Gerais, foi inaugurada em 1943. O projeto arquitet\u00f4nico da igreja \u00e9 de Oscar Niemeyer, e o c\u00e1lculo estrutural do engenheiro Joaquim Cardoso. Foi o \u00faltimo pr\u00e9dio a ser inaugurado do Conjunto Arquitet\u00f4nico da Pampulha.<\/p>\n<p>\u00c9 considerada a obra-prima do conjunto. No projeto da capela Oscar Niemeyer faz novos experimentos em concreto armado, abandonando a laje sob pilotis e criando uma ab\u00f3bada parab\u00f3lica em concreto, at\u00e9 ent\u00e3o s\u00f3 utilizada em hangares. A ab\u00f3bada na capela da Pampulha seria ao mesmo estrutura e fechamento, eliminando a necessidade de alvenarias. Inicia aquilo que seria a diretriz de toda a sua obra: uma arquitetura onde ser\u00e1 preponderante a plasticidade da estrutura de concreto armado, em formas ousadas, inusitadas e marcantes.<\/p>\n<p>As linhas curvas da igreja seduziram artistas e arquitetos, mas escandalizaram o acanhado ambiente cultural da cidade, de tal forma, que as autoridades eclesi\u00e1sticas n\u00e3o permitiram, por muitos anos, a consagra\u00e7\u00e3o da capela devido \u00e0 sua forma inusitada e ao painel de Portinari onde se v\u00ea um cachorro representando um lobo junto \u00e0 S\u00e3o Francisco de Assis, a igreja permaneceu durante catorze anos proibida ao culto. Aos olhos do arcebispo Dom Ant\u00f4nio dos Santos Cabral a igrejinha era apenas um galp\u00e3o.<\/p>\n<p>Seu interior abriga a Via Cr\u00facis, constitu\u00edda por catorze pain\u00e9is de C\u00e2ndido Portinari, considerada uma de suas obras mais significativas. Os pain\u00e9is externos s\u00e3o de C\u00e2ndido Portinari &#8211; painel figurativo e de Paulo Werneck &#8211; painel abstrato. Os jardins s\u00e3o assinados por Burle Marx. Alfredo Ceschiatti esculpiu os baixos-relevos em bronze do batist\u00e9rio. Na \u00e1rea externa, \u00e9 recoberta de pastilhas de cer\u00e2mica em tons de azul claro e branco, formando desenhos abstratos. A igrejinha da Pampulha \u00e9 um dos mais conhecidos &#8220;cart\u00f5es postais&#8221; de Belo Horizonte.<\/p>\n<p>A Igreja da Pampulha \u00e9 tombada pelo Instituto do Patrim\u00f4nio Hist\u00f3rico e Art\u00edstico Nacional (Iphan), pelo Instituto Estadual do Patrim\u00f4nio Hist\u00f3rico e Art\u00edstico de Minas Gerais -Iepha\/MG (em 1984) e pela Ger\u00eancia do Patrim\u00f4nio Municipal.<\/p>\n<h3>Museu de Arte da Pampulha<\/h3>\n<p>O Museu de Arte da Pampulha, antigo Cassino da Pampulha, integrante do Conjunto Arquitet\u00f4nico da Pampulha, enfoca tend\u00eancias art\u00edsticas variadas em mostras, pesquisa e conceitua\u00e7\u00e3o. No seu acervo, obras da arte contempor\u00e2nea brasileira.<\/p>\n<p>Foi o primeiro pr\u00e9dio do conjunto a ser constru\u00eddo. T\u00e3o logo foi inaugurado, o primeiro cassino da cidade, passou a atrair jogadores de todo o Brasil, transformando a vida noturna de Belo Horizonte. Como o respons\u00e1vel pela casa era Joaquim Rolla, o mesmo administrador do cassino da Urca, no Rio de Janeiro, e do cassino do pal\u00e1cio Quitandinha, em Petr\u00f3polis, o cassino levou a Belo Horizonte algumas das maiores atra\u00e7\u00f5es de shows musicais internacionais.<\/p>\n<p>Os tempos de gl\u00f3ria do Cassino da Pampulha duraram pouco. Em 30 de abril de 1946, durante o governo do General Gaspar Dutra, o jogo foi proibido em todo o Brasil. Passou a funcionar como museu em 1957, quando era conhecido como &#8220;Pal\u00e1cio de Cristal&#8221;.<\/p>\n<p><a href=\"https:\/\/pt.wikipedia.org\/wiki\/Roberto_Burle_Marx\" target=\"_blank\" rel=\"noopener nofollow\">Burle Marx<\/a> assina os jardins externos, que s\u00e3o decorados por tr\u00eas esculturas ( de Ceschiatti, Zamoyski e Jos\u00e9 Pedrosa ). Desde a reforma de 1996, suas instala\u00e7\u00f5es possuem biblioteca, loja de souvenirs, caf\u00e9 e salas de multim\u00eddia.<\/p>\n<p>O MAP possui um acervo de 1.600 obras, dentre elas, mostras da Arte Contempor\u00e2nea brasileira, que enfocam variadas tend\u00eancias art\u00edsticas. Um dos destaques do acervo s\u00e3o as obras de Guignard. Seu acervo re\u00fane obras de diversos artistas pl\u00e1sticos como Oswaldo Goeldi, Fayga Ostrower e Anna Letycia, obras de modernistas como Di Cavalcanti, Livio Abramo, Bruno Giorgi e Ceschiatti e dos contempor\u00e2neos Antonio Dias, Frans Krajcberg, Ado Malagoli, Iber\u00ea Camargo, Tomie Ohtake, Ivan Serpa, Milton Dacosta, Alfredo Volpi, Franz Weissmann, entre outros.<\/p>\n<p><img loading=\"lazy\" decoding=\"async\" class=\"alignnone wp-image-1206 size-full\" title=\"Igreja S\u00e3o Francisco de Assis da Pampulha\" src=\"https:\/\/www.estadios.net\/mineirao\/wp-content\/uploads\/2018\/02\/igreja-conjunto-pampulha.jpg\" alt=\"Igreja S\u00e3o Francisco de Assis da Pampulha\" width=\"680\" height=\"367\" \/><\/p>\n<h3>Casa do Baile Pampulha<\/h3>\n<p>A Casa do Baile foi inaugurada em 1943 para abrigar um pequeno restaurante, um sal\u00e3o com mesas, pista de dan\u00e7a, cozinhas e toaletes. Situada numa pequena ilha artificial ligada por uma pequena ponte de concreto \u00e0 orla. Com a finalidade de criar na Pampulha um centro de reuni\u00f5es populares, a Prefeitura fez o edif\u00edcio do Baile, local destinado \u00e0s divers\u00f5es havendo, portanto, duas finalidades na execu\u00e7\u00e3o desta obra \u2013 a de valoriza\u00e7\u00e3o art\u00edstica da Pampulha e a fun\u00e7\u00e3o social, como divers\u00e3o para o povo.<\/p>\n<p>Foi desativada em 1948 ap\u00f3s o fechamento do casino em 1946. Reaberta em dezembro de 2002, transformando-se em Centro de Refer\u00eancia de Urbanismo, Arquitetura e do Design, ligado \u00e0 Funda\u00e7\u00e3o Municipal de Cultura que por sua vez \u00e9 ligada \u00e0 Prefeitura de Belo Horizonte.<\/p>\n<p>A proposta deste centro \u00e9 a de organizar, documentar e valorizar tanto os espa\u00e7os constru\u00eddos e simb\u00f3licos da cidade quanto objetos que se tornaram refer\u00eancia na vida cotidiana de nossa sociedade. Para tanto, o acesso democr\u00e1tico \u00e0s informa\u00e7\u00f5es relativas ao urbanismo, arquitetura e design torna-se fundamental para a valoriza\u00e7\u00e3o da identidade social dos belo-horizontinos.<\/p>\n<p>A Casa recebe exposi\u00e7\u00f5es tempor\u00e1rias, e divulga publica\u00e7\u00f5es, desenvolve semin\u00e1rios, encontros e outros eventos relacionados \u00e0s \u00e1reas pertinentes \u00e0 Casa. Possui um sal\u00e3o de 255 m\u00b2, um audit\u00f3rio de 53 lugares com recursos multim\u00eddia, salas de apoio administrativo, ilha digital com os acervos documentais dispon\u00edveis a pesquisadores e ao p\u00fablico em geral.<\/p>\n<h3>Iate T\u00eanis Clube Pampulha<\/h3>\n<p>Constru\u00eddo em 1942, com o nome de Iate Golfe Clube, e tombado em 1994 pelo Iphan, a arquitetura do Iate T\u00eanis Clube ( ITC ) remete a um barco que se lan\u00e7a nas \u00e1guas da Pampulha. Os jardins s\u00e3o de Roberto Burle Marx. O \u00fanico pr\u00e9dio do complexo que n\u00e3o remonta \u00e0 arquitetura original \u00e9 um anexo constru\u00eddo na d\u00e9cada de 1970, onde se localizam um sal\u00e3o de festa e academia de gin\u00e1stica.<\/p>\n<h3>Casa Kubitschek<\/h3>\n<p>Projetada na d\u00e9cada de 40 para ser resid\u00eancia de fim de semana de Juscelino Kubitschek, possui caracter\u00edsticas da arquitetura moderna. Os jardins e pomar s\u00e3o de Burle Marx. Funciona como espa\u00e7o cultural e museu que abriga objetos da \u00e9poca. Um convite aos est\u00edmulos sensoriais e espaciais.<\/p>\n","protected":false},"excerpt":{"rendered":"<p>O Conjunto Arquitet\u00f4nico da Pampulha, em Belo Horizonte, foi projetado por Oscar Niemeyer, sob encomenda do ent\u00e3o prefeito Juscelino Kubitschek, e constru\u00eddo entre 1942 e 1944. Conjunto Arquitet\u00f4nico da Pampulha Hist\u00f3ria Juscelino desejava desenvolver uma \u00e1rea ao norte da cidade, chamada Pampulha. Encomendou ent\u00e3o ao jovem e j\u00e1 reconhecido arquiteto Oscar Niemeyer o projeto de [&hellip;]<\/p>\n","protected":false},"author":1,"featured_media":0,"parent":0,"menu_order":0,"comment_status":"closed","ping_status":"closed","template":"","meta":{"footnotes":""},"class_list":["post-1201","page","type-page","status-publish","hentry"],"yoast_head":"<!-- This site is optimized with the Yoast SEO plugin v25.8 - https:\/\/yoast.com\/wordpress\/plugins\/seo\/ -->\n<title>Conjunto Arquitet\u00f4nico da Pampulha<\/title>\n<meta name=\"description\" content=\"Conhe\u00e7a o Conjunto Arquitet\u00f4nico da Pampulha, que \u00e9 o lar do Gigante da Pampulha ( Mineir\u00e3o ) projetado por Oscar Niemeyer na d\u00e9cada de 40!\" \/>\n<meta name=\"robots\" content=\"index, follow, max-snippet:-1, max-image-preview:large, max-video-preview:-1\" \/>\n<link rel=\"canonical\" href=\"https:\/\/www.estadios.net\/mineirao\/conjunto-arquitetonico-da-pampulha\/\" \/>\n<meta property=\"og:locale\" content=\"pt_BR\" \/>\n<meta property=\"og:type\" content=\"article\" \/>\n<meta property=\"og:title\" content=\"Conjunto Arquitet\u00f4nico da Pampulha\" \/>\n<meta property=\"og:description\" content=\"Conhe\u00e7a o Conjunto Arquitet\u00f4nico da Pampulha, que \u00e9 o lar do Gigante da Pampulha ( Mineir\u00e3o ) projetado por Oscar Niemeyer na d\u00e9cada de 40!\" \/>\n<meta property=\"og:url\" content=\"https:\/\/www.estadios.net\/mineirao\/conjunto-arquitetonico-da-pampulha\/\" \/>\n<meta property=\"og:site_name\" content=\"Est\u00e1dio do Mineir\u00e3o\" \/>\n<meta property=\"article:modified_time\" content=\"2018-02-08T16:54:19+00:00\" \/>\n<meta property=\"og:image\" content=\"https:\/\/www.estadios.net\/mineirao\/wp-content\/uploads\/2018\/02\/conjunto-arquitetonico-pampulha.jpg\" \/>\n<meta name=\"twitter:card\" content=\"summary_large_image\" \/>\n<meta name=\"twitter:label1\" content=\"Est. tempo de leitura\" \/>\n\t<meta name=\"twitter:data1\" content=\"7 minutos\" \/>\n<script type=\"application\/ld+json\" class=\"yoast-schema-graph\">{\"@context\":\"https:\/\/schema.org\",\"@graph\":[{\"@type\":\"WebPage\",\"@id\":\"https:\/\/www.estadios.net\/mineirao\/conjunto-arquitetonico-da-pampulha\/\",\"url\":\"https:\/\/www.estadios.net\/mineirao\/conjunto-arquitetonico-da-pampulha\/\",\"name\":\"Conjunto Arquitet\u00f4nico da Pampulha\",\"isPartOf\":{\"@id\":\"https:\/\/www.estadios.net\/mineirao\/#website\"},\"primaryImageOfPage\":{\"@id\":\"https:\/\/www.estadios.net\/mineirao\/conjunto-arquitetonico-da-pampulha\/#primaryimage\"},\"image\":{\"@id\":\"https:\/\/www.estadios.net\/mineirao\/conjunto-arquitetonico-da-pampulha\/#primaryimage\"},\"thumbnailUrl\":\"https:\/\/www.estadios.net\/mineirao\/wp-content\/uploads\/2018\/02\/conjunto-arquitetonico-pampulha.jpg\",\"datePublished\":\"2018-02-08T13:20:06+00:00\",\"dateModified\":\"2018-02-08T16:54:19+00:00\",\"description\":\"Conhe\u00e7a o Conjunto Arquitet\u00f4nico da Pampulha, que \u00e9 o lar do Gigante da Pampulha ( Mineir\u00e3o ) projetado por Oscar Niemeyer na d\u00e9cada de 40!\",\"breadcrumb\":{\"@id\":\"https:\/\/www.estadios.net\/mineirao\/conjunto-arquitetonico-da-pampulha\/#breadcrumb\"},\"inLanguage\":\"pt-BR\",\"potentialAction\":[{\"@type\":\"ReadAction\",\"target\":[\"https:\/\/www.estadios.net\/mineirao\/conjunto-arquitetonico-da-pampulha\/\"]}]},{\"@type\":\"ImageObject\",\"inLanguage\":\"pt-BR\",\"@id\":\"https:\/\/www.estadios.net\/mineirao\/conjunto-arquitetonico-da-pampulha\/#primaryimage\",\"url\":\"\",\"contentUrl\":\"\"},{\"@type\":\"BreadcrumbList\",\"@id\":\"https:\/\/www.estadios.net\/mineirao\/conjunto-arquitetonico-da-pampulha\/#breadcrumb\",\"itemListElement\":[{\"@type\":\"ListItem\",\"position\":1,\"name\":\"In\u00edcio\",\"item\":\"https:\/\/www.estadios.net\/mineirao\/\"},{\"@type\":\"ListItem\",\"position\":2,\"name\":\"Conjunto Arquitet\u00f4nico da Pampulha\"}]},{\"@type\":\"WebSite\",\"@id\":\"https:\/\/www.estadios.net\/mineirao\/#website\",\"url\":\"https:\/\/www.estadios.net\/mineirao\/\",\"name\":\"Est\u00e1dio do Mineir\u00e3o\",\"description\":\"Est\u00e1dio do Mineir\u00e3o\",\"potentialAction\":[{\"@type\":\"SearchAction\",\"target\":{\"@type\":\"EntryPoint\",\"urlTemplate\":\"https:\/\/www.estadios.net\/mineirao\/?s={search_term_string}\"},\"query-input\":{\"@type\":\"PropertyValueSpecification\",\"valueRequired\":true,\"valueName\":\"search_term_string\"}}],\"inLanguage\":\"pt-BR\"}]}<\/script>\n<!-- \/ Yoast SEO plugin. -->","yoast_head_json":{"title":"Conjunto Arquitet\u00f4nico da Pampulha","description":"Conhe\u00e7a o Conjunto Arquitet\u00f4nico da Pampulha, que \u00e9 o lar do Gigante da Pampulha ( Mineir\u00e3o ) projetado por Oscar Niemeyer na d\u00e9cada de 40!","robots":{"index":"index","follow":"follow","max-snippet":"max-snippet:-1","max-image-preview":"max-image-preview:large","max-video-preview":"max-video-preview:-1"},"canonical":"https:\/\/www.estadios.net\/mineirao\/conjunto-arquitetonico-da-pampulha\/","og_locale":"pt_BR","og_type":"article","og_title":"Conjunto Arquitet\u00f4nico da Pampulha","og_description":"Conhe\u00e7a o Conjunto Arquitet\u00f4nico da Pampulha, que \u00e9 o lar do Gigante da Pampulha ( Mineir\u00e3o ) projetado por Oscar Niemeyer na d\u00e9cada de 40!","og_url":"https:\/\/www.estadios.net\/mineirao\/conjunto-arquitetonico-da-pampulha\/","og_site_name":"Est\u00e1dio do Mineir\u00e3o","article_modified_time":"2018-02-08T16:54:19+00:00","og_image":[{"url":"https:\/\/www.estadios.net\/mineirao\/wp-content\/uploads\/2018\/02\/conjunto-arquitetonico-pampulha.jpg","type":"","width":"","height":""}],"twitter_card":"summary_large_image","twitter_misc":{"Est. tempo de leitura":"7 minutos"},"schema":{"@context":"https:\/\/schema.org","@graph":[{"@type":"WebPage","@id":"https:\/\/www.estadios.net\/mineirao\/conjunto-arquitetonico-da-pampulha\/","url":"https:\/\/www.estadios.net\/mineirao\/conjunto-arquitetonico-da-pampulha\/","name":"Conjunto Arquitet\u00f4nico da Pampulha","isPartOf":{"@id":"https:\/\/www.estadios.net\/mineirao\/#website"},"primaryImageOfPage":{"@id":"https:\/\/www.estadios.net\/mineirao\/conjunto-arquitetonico-da-pampulha\/#primaryimage"},"image":{"@id":"https:\/\/www.estadios.net\/mineirao\/conjunto-arquitetonico-da-pampulha\/#primaryimage"},"thumbnailUrl":"https:\/\/www.estadios.net\/mineirao\/wp-content\/uploads\/2018\/02\/conjunto-arquitetonico-pampulha.jpg","datePublished":"2018-02-08T13:20:06+00:00","dateModified":"2018-02-08T16:54:19+00:00","description":"Conhe\u00e7a o Conjunto Arquitet\u00f4nico da Pampulha, que \u00e9 o lar do Gigante da Pampulha ( Mineir\u00e3o ) projetado por Oscar Niemeyer na d\u00e9cada de 40!","breadcrumb":{"@id":"https:\/\/www.estadios.net\/mineirao\/conjunto-arquitetonico-da-pampulha\/#breadcrumb"},"inLanguage":"pt-BR","potentialAction":[{"@type":"ReadAction","target":["https:\/\/www.estadios.net\/mineirao\/conjunto-arquitetonico-da-pampulha\/"]}]},{"@type":"ImageObject","inLanguage":"pt-BR","@id":"https:\/\/www.estadios.net\/mineirao\/conjunto-arquitetonico-da-pampulha\/#primaryimage","url":"","contentUrl":""},{"@type":"BreadcrumbList","@id":"https:\/\/www.estadios.net\/mineirao\/conjunto-arquitetonico-da-pampulha\/#breadcrumb","itemListElement":[{"@type":"ListItem","position":1,"name":"In\u00edcio","item":"https:\/\/www.estadios.net\/mineirao\/"},{"@type":"ListItem","position":2,"name":"Conjunto Arquitet\u00f4nico da Pampulha"}]},{"@type":"WebSite","@id":"https:\/\/www.estadios.net\/mineirao\/#website","url":"https:\/\/www.estadios.net\/mineirao\/","name":"Est\u00e1dio do Mineir\u00e3o","description":"Est\u00e1dio do Mineir\u00e3o","potentialAction":[{"@type":"SearchAction","target":{"@type":"EntryPoint","urlTemplate":"https:\/\/www.estadios.net\/mineirao\/?s={search_term_string}"},"query-input":{"@type":"PropertyValueSpecification","valueRequired":true,"valueName":"search_term_string"}}],"inLanguage":"pt-BR"}]}},"_links":{"self":[{"href":"https:\/\/www.estadios.net\/mineirao\/wp-json\/wp\/v2\/pages\/1201","targetHints":{"allow":["GET"]}}],"collection":[{"href":"https:\/\/www.estadios.net\/mineirao\/wp-json\/wp\/v2\/pages"}],"about":[{"href":"https:\/\/www.estadios.net\/mineirao\/wp-json\/wp\/v2\/types\/page"}],"author":[{"embeddable":true,"href":"https:\/\/www.estadios.net\/mineirao\/wp-json\/wp\/v2\/users\/1"}],"replies":[{"embeddable":true,"href":"https:\/\/www.estadios.net\/mineirao\/wp-json\/wp\/v2\/comments?post=1201"}],"version-history":[{"count":0,"href":"https:\/\/www.estadios.net\/mineirao\/wp-json\/wp\/v2\/pages\/1201\/revisions"}],"wp:attachment":[{"href":"https:\/\/www.estadios.net\/mineirao\/wp-json\/wp\/v2\/media?parent=1201"}],"curies":[{"name":"wp","href":"https:\/\/api.w.org\/{rel}","templated":true}]}}