{"id":1196,"date":"2018-02-06T17:47:47","date_gmt":"2018-02-06T19:47:47","guid":{"rendered":"https:\/\/www.estadios.net\/mineirao\/?page_id=1196"},"modified":"2018-02-06T17:47:47","modified_gmt":"2018-02-06T19:47:47","slug":"mineirinho","status":"publish","type":"page","link":"https:\/\/www.estadios.net\/mineirao\/mineirinho\/","title":{"rendered":"Mineirinho"},"content":{"rendered":"<h2>Gin\u00e1sio Mineirinho BH<\/h2>\n<p>O <em>Est\u00e1dio Jornalista Felippe Drummond<\/em>, mais conhecido como <strong>Mineirinho<\/strong>, \u00e9 um gin\u00e1sio poliesportivo localizado em Belo Horizonte. Inaugurado em 1980, tem capacidade para 25 mil pessoas e recebeu diversos shows e eventos esportivos, tendo sido local de recordes de p\u00fablico em voleibol, artes marciais mistas e futsal. \u00c9 administrado pela ADEMG &#8211; Administra\u00e7\u00e3o dos Est\u00e1dios de Minas Gerais. Anexo ao gin\u00e1sio est\u00e1 o campo da Federa\u00e7\u00e3o Mineira de Arco e Flecha.<\/p>\n<p>Em 1971, o governador Rondon Pacheco decidiu construir na <a href=\"https:\/\/pt.wikipedia.org\/wiki\/Pampulha\" target=\"_blank\" rel=\"noopener nofollow\">Pampulha<\/a> um gin\u00e1sio poliesportivo pr\u00f3ximo do Est\u00e1dio do Mineir\u00e3o e do Centro Esportivo Universit\u00e1rio da Universidade Federal de Minas Gerais. Ent\u00e3o chamado Pal\u00e1cio dos Esportes, o projeto foi desenhado pela equipe t\u00e9cnica de engenheiros da Administra\u00e7\u00e3o de Est\u00e1dios do Estado de Minas Gerais, e em outubro de 1972 a UFMG assinou conv\u00eanio para que a Ademg utilizasse uma \u00e1rea de 93.000 m\u00b2 pertencente \u00e0 Universidade para construir o gin\u00e1sio.<\/p>\n<h3>Gin\u00e1sio Mineirinho Reforma<\/h3>\n<p>Belo Horizonte ganhou um novo espa\u00e7o de lazer, gastronomia e turismo. Em comemora\u00e7\u00e3o aos 120 anos da capital, celebrados em 2017, um grupo de investidores anunciou o Mercado Central do Mineirinho, na Pampulha, com inaugura\u00e7\u00e3o prevista para abril de 2018.<\/p>\n<p>Ser\u00e3o investidos R$ 6 milh\u00f5es na reforma dos sexto e s\u00e9timo andares do gin\u00e1sio, e as obras v\u00e3o come\u00e7ar em janeiro de 2018. O Mercado Central do Mineirinho ter\u00e1 uma \u00e1rea de 7.000 metros quadrados e contar\u00e1 com 150 lojas. A ideia partiu de sete empres\u00e1rios investidores, que decidiram dar uma utilidade a esses dois andares que estavam inutilizados h\u00e1 37 anos, desde a constru\u00e7\u00e3o do poliesportivo.<\/p>\n<p><img loading=\"lazy\" decoding=\"async\" class=\"alignnone wp-image-1198 size-full\" title=\"Gin\u00e1sio Mineirinho BH\" src=\"https:\/\/www.estadios.net\/mineirao\/wp-content\/uploads\/2018\/02\/mineirinho.jpg\" alt=\"Gin\u00e1sio Mineirinho BH\" width=\"680\" height=\"250\" \/><\/p>\n<h3>Gin\u00e1sio Poliesportivo Mineirinho<\/h3>\n<p>A constru\u00e7\u00e3o teve in\u00edcio nos fins de 1973, com a previs\u00e3o de custo aproximado em 300 milh\u00f5es de cruzeiros. No entanto, iniciado os trabalhos de funda\u00e7\u00e3o e observada pequena diferen\u00e7a no recalque diferencial, novos estudos tiveram que ser feitos e o custo da obra teve altera\u00e7\u00e3o profunda. Em princ\u00edpio de 1976 houve uma paralisa\u00e7\u00e3o parcial por problemas de ordem t\u00e9cnica, quando j\u00e1 havia sido gasta a import\u00e2ncia de 50 milh\u00f5es e ainda n\u00e3o tinha sido conclu\u00edda a funda\u00e7\u00e3o.<\/p>\n<p>Reiniciada a constru\u00e7\u00e3o em 1977, ap\u00f3s o governador Aureliano Chaves ter determinado novos estudos para que a obra pudesse ser executada sem maiores exig\u00eancias. O Mineirinho foi inaugurado em 1980, com o nome do jornalista Felipe Henriot Drumond, pelo governador Francelino Pereira.<\/p>\n<h3>Gin\u00e1sio Mineirinho Capacidade<\/h3>\n<ul>\n<li>25 mil pessoas<\/li>\n<\/ul>\n<p>&nbsp;<\/p>\n<h3>Gin\u00e1sio Mineirinho Telefone<\/h3>\n<p>Contato: (31) 3499-1171<\/p>\n<h3>Endere\u00e7o Gin\u00e1sio Mineirinho Belo Horizonte<\/h3>\n<p>Av. Ant\u00f4nio Abrah\u00e3o Caran, 1000 &#8211; S\u00e3o Luiz, Belo Horizonte &#8211; MG, CEP: 31275-000<\/p>\n","protected":false},"excerpt":{"rendered":"<p>Gin\u00e1sio Mineirinho BH O Est\u00e1dio Jornalista Felippe Drummond, mais conhecido como Mineirinho, \u00e9 um gin\u00e1sio poliesportivo localizado em Belo Horizonte. Inaugurado em 1980, tem capacidade para 25 mil pessoas e recebeu diversos shows e eventos esportivos, tendo sido local de recordes de p\u00fablico em voleibol, artes marciais mistas e futsal. \u00c9 administrado pela ADEMG &#8211; [&hellip;]<\/p>\n","protected":false},"author":1,"featured_media":0,"parent":0,"menu_order":0,"comment_status":"closed","ping_status":"closed","template":"","meta":{"footnotes":""},"class_list":["post-1196","page","type-page","status-publish","hentry"],"yoast_head":"<!-- This site is optimized with the Yoast SEO plugin v25.8 - https:\/\/yoast.com\/wordpress\/plugins\/seo\/ -->\n<title>Gin\u00e1sio Mineirinho<\/title>\n<meta name=\"description\" content=\"Saiba mais sobre o Mineirinho, Gin\u00e1sio Poliesportivo de Belo Horizonte, veja: capacidade, reforma, telefone, endere\u00e7o e mais!\" \/>\n<meta name=\"robots\" content=\"index, follow, max-snippet:-1, max-image-preview:large, max-video-preview:-1\" \/>\n<link rel=\"canonical\" href=\"https:\/\/www.estadios.net\/mineirao\/mineirinho\/\" \/>\n<meta property=\"og:locale\" content=\"pt_BR\" \/>\n<meta property=\"og:type\" content=\"article\" \/>\n<meta property=\"og:title\" content=\"Gin\u00e1sio Mineirinho\" \/>\n<meta property=\"og:description\" content=\"Saiba mais sobre o Mineirinho, Gin\u00e1sio Poliesportivo de Belo Horizonte, veja: capacidade, reforma, telefone, endere\u00e7o e mais!\" \/>\n<meta property=\"og:url\" content=\"https:\/\/www.estadios.net\/mineirao\/mineirinho\/\" \/>\n<meta property=\"og:site_name\" content=\"Est\u00e1dio do Mineir\u00e3o\" \/>\n<meta property=\"og:image\" content=\"https:\/\/www.estadios.net\/mineirao\/wp-content\/uploads\/2018\/02\/mineirinho.jpg\" \/>\n<meta name=\"twitter:card\" content=\"summary_large_image\" \/>\n<meta name=\"twitter:label1\" content=\"Est. tempo de leitura\" \/>\n\t<meta name=\"twitter:data1\" content=\"2 minutos\" \/>\n<script type=\"application\/ld+json\" class=\"yoast-schema-graph\">{\"@context\":\"https:\/\/schema.org\",\"@graph\":[{\"@type\":\"WebPage\",\"@id\":\"https:\/\/www.estadios.net\/mineirao\/mineirinho\/\",\"url\":\"https:\/\/www.estadios.net\/mineirao\/mineirinho\/\",\"name\":\"Gin\u00e1sio Mineirinho\",\"isPartOf\":{\"@id\":\"https:\/\/www.estadios.net\/mineirao\/#website\"},\"primaryImageOfPage\":{\"@id\":\"https:\/\/www.estadios.net\/mineirao\/mineirinho\/#primaryimage\"},\"image\":{\"@id\":\"https:\/\/www.estadios.net\/mineirao\/mineirinho\/#primaryimage\"},\"thumbnailUrl\":\"https:\/\/www.estadios.net\/mineirao\/wp-content\/uploads\/2018\/02\/mineirinho.jpg\",\"datePublished\":\"2018-02-06T19:47:47+00:00\",\"description\":\"Saiba mais sobre o Mineirinho, Gin\u00e1sio Poliesportivo de Belo Horizonte, veja: capacidade, reforma, telefone, endere\u00e7o e mais!\",\"breadcrumb\":{\"@id\":\"https:\/\/www.estadios.net\/mineirao\/mineirinho\/#breadcrumb\"},\"inLanguage\":\"pt-BR\",\"potentialAction\":[{\"@type\":\"ReadAction\",\"target\":[\"https:\/\/www.estadios.net\/mineirao\/mineirinho\/\"]}]},{\"@type\":\"ImageObject\",\"inLanguage\":\"pt-BR\",\"@id\":\"https:\/\/www.estadios.net\/mineirao\/mineirinho\/#primaryimage\",\"url\":\"\",\"contentUrl\":\"\"},{\"@type\":\"BreadcrumbList\",\"@id\":\"https:\/\/www.estadios.net\/mineirao\/mineirinho\/#breadcrumb\",\"itemListElement\":[{\"@type\":\"ListItem\",\"position\":1,\"name\":\"In\u00edcio\",\"item\":\"https:\/\/www.estadios.net\/mineirao\/\"},{\"@type\":\"ListItem\",\"position\":2,\"name\":\"Mineirinho\"}]},{\"@type\":\"WebSite\",\"@id\":\"https:\/\/www.estadios.net\/mineirao\/#website\",\"url\":\"https:\/\/www.estadios.net\/mineirao\/\",\"name\":\"Est\u00e1dio do Mineir\u00e3o\",\"description\":\"Est\u00e1dio do Mineir\u00e3o\",\"potentialAction\":[{\"@type\":\"SearchAction\",\"target\":{\"@type\":\"EntryPoint\",\"urlTemplate\":\"https:\/\/www.estadios.net\/mineirao\/?s={search_term_string}\"},\"query-input\":{\"@type\":\"PropertyValueSpecification\",\"valueRequired\":true,\"valueName\":\"search_term_string\"}}],\"inLanguage\":\"pt-BR\"}]}<\/script>\n<!-- \/ Yoast SEO plugin. -->","yoast_head_json":{"title":"Gin\u00e1sio Mineirinho","description":"Saiba mais sobre o Mineirinho, Gin\u00e1sio Poliesportivo de Belo Horizonte, veja: capacidade, reforma, telefone, endere\u00e7o e mais!","robots":{"index":"index","follow":"follow","max-snippet":"max-snippet:-1","max-image-preview":"max-image-preview:large","max-video-preview":"max-video-preview:-1"},"canonical":"https:\/\/www.estadios.net\/mineirao\/mineirinho\/","og_locale":"pt_BR","og_type":"article","og_title":"Gin\u00e1sio Mineirinho","og_description":"Saiba mais sobre o Mineirinho, Gin\u00e1sio Poliesportivo de Belo Horizonte, veja: capacidade, reforma, telefone, endere\u00e7o e mais!","og_url":"https:\/\/www.estadios.net\/mineirao\/mineirinho\/","og_site_name":"Est\u00e1dio do Mineir\u00e3o","og_image":[{"url":"https:\/\/www.estadios.net\/mineirao\/wp-content\/uploads\/2018\/02\/mineirinho.jpg","type":"","width":"","height":""}],"twitter_card":"summary_large_image","twitter_misc":{"Est. tempo de leitura":"2 minutos"},"schema":{"@context":"https:\/\/schema.org","@graph":[{"@type":"WebPage","@id":"https:\/\/www.estadios.net\/mineirao\/mineirinho\/","url":"https:\/\/www.estadios.net\/mineirao\/mineirinho\/","name":"Gin\u00e1sio Mineirinho","isPartOf":{"@id":"https:\/\/www.estadios.net\/mineirao\/#website"},"primaryImageOfPage":{"@id":"https:\/\/www.estadios.net\/mineirao\/mineirinho\/#primaryimage"},"image":{"@id":"https:\/\/www.estadios.net\/mineirao\/mineirinho\/#primaryimage"},"thumbnailUrl":"https:\/\/www.estadios.net\/mineirao\/wp-content\/uploads\/2018\/02\/mineirinho.jpg","datePublished":"2018-02-06T19:47:47+00:00","description":"Saiba mais sobre o Mineirinho, Gin\u00e1sio Poliesportivo de Belo Horizonte, veja: capacidade, reforma, telefone, endere\u00e7o e mais!","breadcrumb":{"@id":"https:\/\/www.estadios.net\/mineirao\/mineirinho\/#breadcrumb"},"inLanguage":"pt-BR","potentialAction":[{"@type":"ReadAction","target":["https:\/\/www.estadios.net\/mineirao\/mineirinho\/"]}]},{"@type":"ImageObject","inLanguage":"pt-BR","@id":"https:\/\/www.estadios.net\/mineirao\/mineirinho\/#primaryimage","url":"","contentUrl":""},{"@type":"BreadcrumbList","@id":"https:\/\/www.estadios.net\/mineirao\/mineirinho\/#breadcrumb","itemListElement":[{"@type":"ListItem","position":1,"name":"In\u00edcio","item":"https:\/\/www.estadios.net\/mineirao\/"},{"@type":"ListItem","position":2,"name":"Mineirinho"}]},{"@type":"WebSite","@id":"https:\/\/www.estadios.net\/mineirao\/#website","url":"https:\/\/www.estadios.net\/mineirao\/","name":"Est\u00e1dio do Mineir\u00e3o","description":"Est\u00e1dio do Mineir\u00e3o","potentialAction":[{"@type":"SearchAction","target":{"@type":"EntryPoint","urlTemplate":"https:\/\/www.estadios.net\/mineirao\/?s={search_term_string}"},"query-input":{"@type":"PropertyValueSpecification","valueRequired":true,"valueName":"search_term_string"}}],"inLanguage":"pt-BR"}]}},"_links":{"self":[{"href":"https:\/\/www.estadios.net\/mineirao\/wp-json\/wp\/v2\/pages\/1196","targetHints":{"allow":["GET"]}}],"collection":[{"href":"https:\/\/www.estadios.net\/mineirao\/wp-json\/wp\/v2\/pages"}],"about":[{"href":"https:\/\/www.estadios.net\/mineirao\/wp-json\/wp\/v2\/types\/page"}],"author":[{"embeddable":true,"href":"https:\/\/www.estadios.net\/mineirao\/wp-json\/wp\/v2\/users\/1"}],"replies":[{"embeddable":true,"href":"https:\/\/www.estadios.net\/mineirao\/wp-json\/wp\/v2\/comments?post=1196"}],"version-history":[{"count":0,"href":"https:\/\/www.estadios.net\/mineirao\/wp-json\/wp\/v2\/pages\/1196\/revisions"}],"wp:attachment":[{"href":"https:\/\/www.estadios.net\/mineirao\/wp-json\/wp\/v2\/media?parent=1196"}],"curies":[{"name":"wp","href":"https:\/\/api.w.org\/{rel}","templated":true}]}}