{"id":1191,"date":"2018-02-06T16:04:37","date_gmt":"2018-02-06T18:04:37","guid":{"rendered":"https:\/\/www.estadios.net\/mineirao\/?page_id=1191"},"modified":"2018-02-06T16:04:37","modified_gmt":"2018-02-06T18:04:37","slug":"museu-brasileiro-do-futebol-estadio-mineirao","status":"publish","type":"page","link":"https:\/\/www.estadios.net\/mineirao\/museu-brasileiro-do-futebol-estadio-mineirao\/","title":{"rendered":"Museu Brasileiro do Futebol &#8211; Est\u00e1dio Mineir\u00e3o"},"content":{"rendered":"<p>Aberto ao p\u00fablico em 2013, o <strong>Museu Brasileiro do Futebol ( MBF )<\/strong> se apresentou como uma nova op\u00e7\u00e3o de cultura, entretenimento e lazer em Belo Horizonte.<\/p>\n<p>Sediado no Mineir\u00e3o, o <em>MBF<\/em> pretende expor, pesquisar e preservar artefatos materiais e imateriais do futebol brasileiro, propiciando aos seus visitantes uma imers\u00e3o ao universo do futebol.<\/p>\n<h2>Museu Brasileiro do Futebol Belo Horizonte<\/h2>\n<p><strong>Sala das Fichas<\/strong><br \/>\nO universo das partidas de futebol realizadas no Mineir\u00e3o est\u00e1 representado com as fichas de registro dos quase 4 mil jogos no est\u00e1dio desde sua inaugura\u00e7\u00e3o at\u00e9 o fechamento para reforma, em junho de 2010. Os visitantes podem, atrav\u00e9s de totens interativos, pesquisar jogadores, clubes e partidas que contam a hist\u00f3ria do maior palco do futebol mineiro.<\/p>\n<p><strong>Mineir\u00e3o em Atividade<\/strong><br \/>\nObjetos dos primeiros anos do Mineir\u00e3o, como maca do departamento m\u00e9dico, catraca e recipientes para venda de ch\u00e1 mate est\u00e3o nessa parte da exposi\u00e7\u00e3o, assim como bandeiras de clubes visitantes e fotografias de diversas partidas e eventos que j\u00e1 ocorreram no est\u00e1dio.<\/p>\n<p><strong>Sala da Mem\u00f3ria<\/strong><br \/>\nUma mesa interativa permite que os visitantes gravem depoimentos sobre experi\u00eancias pr\u00f3prias e memor\u00e1veis no Mineir\u00e3o. O objetivo dessa atra\u00e7\u00e3o \u00e9 integrar os visitantes ao espa\u00e7o expositivo e, assim, iniciar o projeto de hist\u00f3ria oral do museu.<\/p>\n<p><img loading=\"lazy\" decoding=\"async\" class=\"alignnone wp-image-1193 size-full\" title=\"Museu Brasileiro do Futebol Belo Horizonte\" src=\"https:\/\/www.estadios.net\/mineirao\/wp-content\/uploads\/2018\/02\/mbf.jpg\" alt=\"Museu Brasileiro do Futebol Belo Horizonte\" width=\"680\" height=\"375\" \/><\/p>\n<p><strong>ABC do Futebol<\/strong><br \/>\nApresenta a hist\u00f3ria do futebol, desde o jogo de bola na China Antiga, passando pelo Football Association na Inglaterra at\u00e9 chegar ao Brasil, onde foi reinventado. Al\u00e9m de conhecer as regras, t\u00e1ticas e posi\u00e7\u00f5es do jogo, os visitantes tamb\u00e9m t\u00eam acesso a um gloss\u00e1rio do futebol, que permite relembrar e aprender g\u00edrias e express\u00f5es do esporte mais popular do planeta.<\/p>\n<p><strong>Os Imortais do Futebol<\/strong><br \/>\nDividida em dois momentos, essa sala pretende levar o visitantes a uma viagem pela mem\u00f3ria do futebol brasileiro, atrav\u00e9s de biografias de jogadores e treinadores. O visitante tamb\u00e9m visualizar\u00e1 3 times imagin\u00e1rios compostos por 11 jogadores e 1 treinador, cada, representados por meio de hologramas.<\/p>\n<p><strong>Campos Gerais<\/strong><br \/>\nEspa\u00e7o dedicado ao futebol mineiro. Os visitantes encontram parte do acervo do Mineir\u00e3o, como as placas em bronze cravadas com p\u00e9s e m\u00e3os de grandes \u00eddolos que passaram pelo est\u00e1dio, objetos de colecionadores, al\u00e9m de esta\u00e7\u00f5es multim\u00eddia com um banco de dados que cataloga os munic\u00edpios de Minas Gerais atrav\u00e9s dos seus times de futebol.<\/p>\n<p><strong>Futebol e Outras Artes<\/strong><br \/>\nApresenta o futebol como fen\u00f4meno cultural total, atrav\u00e9s de videoinstala\u00e7\u00f5es, imagens, textos, sons e outros recursos, al\u00e9m de apresentar os di\u00e1logos do esporte com a literatura, cinema, fotografia, desenho, dan\u00e7a, teatro e escultura.<\/p>\n<h3>Intervalo da Leitura<\/h3>\n<p>O primeiro espa\u00e7o do pa\u00eds voltado para a literatura infanto-juvenil sobre o futebol est\u00e1 localizado na entrada do museu. A entrada no \u2018Intervalo da Leitura\u2019 \u00e9 gratuita e o local est\u00e1 aberto a todos os interessados, sejam visitantes ou n\u00e3o do museu, que podem ter acesso \u00e0s obras do acervo.<\/p>\n<p><img loading=\"lazy\" decoding=\"async\" class=\"alignnone wp-image-1194 size-full\" title=\"Museu Brasileiro do Futebol BH\" src=\"https:\/\/www.estadios.net\/mineirao\/wp-content\/uploads\/2018\/02\/mbf-2.jpg\" alt=\"Museu Brasileiro do Futebol BH\" width=\"680\" height=\"374\" \/><\/p>\n<h3>Pre\u00e7o Museu Brasileiro do Futebol<\/h3>\n<p><strong>Valores Ingressos:<\/strong> Inteira: R$ 20,00, Meia-entrada: R$ 10,00<\/p>\n<p>Meia-entrada v\u00e1lida conforme legisla\u00e7\u00e3o vigente. Guias de turismo credenciados n\u00e3o pagam entrada.<br \/>\nPagamento somente em dinheiro.<br \/>\nOs ingressos s\u00e3o vendidos na bilheteria do MBF e s\u00e3o comercializados apenas para o dia vigente.<\/p>\n<h3>Hor\u00e1rio e Endere\u00e7o Museu Brasileiro do Futebol BH<\/h3>\n<p>Ter\u00e7a a Sexta das 9h \u00e0s 18, S\u00e1b e Dom das 9h \u00e0s 14h<\/p>\n<p><strong>ENDERE\u00c7O<\/strong><br \/>\nAv. Coronel Oscar Paschoal, s\/n, Port\u00e3o G2<br \/>\nPampulha, Belo Horizonte, Minas Gerais, Brasil<br \/>\n( em frente ao CEU\/UFMG )<\/p>\n","protected":false},"excerpt":{"rendered":"<p>Aberto ao p\u00fablico em 2013, o Museu Brasileiro do Futebol ( MBF ) se apresentou como uma nova op\u00e7\u00e3o de cultura, entretenimento e lazer em Belo Horizonte. Sediado no Mineir\u00e3o, o MBF pretende expor, pesquisar e preservar artefatos materiais e imateriais do futebol brasileiro, propiciando aos seus visitantes uma imers\u00e3o ao universo do futebol. Museu [&hellip;]<\/p>\n","protected":false},"author":1,"featured_media":0,"parent":0,"menu_order":0,"comment_status":"closed","ping_status":"closed","template":"","meta":{"footnotes":""},"class_list":["post-1191","page","type-page","status-publish","hentry"],"yoast_head":"<!-- This site is optimized with the Yoast SEO plugin v25.8 - https:\/\/yoast.com\/wordpress\/plugins\/seo\/ -->\n<title>Museu Brasileiro do Futebol - Est\u00e1dio Mineir\u00e3o<\/title>\n<meta name=\"description\" content=\"Conhe\u00e7a o Museu Brasileiro do Futebol, localizado no Gigante da Pampulha, veja: endere\u00e7o, ingressos, pre\u00e7os, hor\u00e1rios e mais!\" \/>\n<meta name=\"robots\" content=\"index, follow, max-snippet:-1, max-image-preview:large, max-video-preview:-1\" \/>\n<link rel=\"canonical\" href=\"https:\/\/www.estadios.net\/mineirao\/museu-brasileiro-do-futebol-estadio-mineirao\/\" \/>\n<meta property=\"og:locale\" content=\"pt_BR\" \/>\n<meta property=\"og:type\" content=\"article\" \/>\n<meta property=\"og:title\" content=\"Museu Brasileiro do Futebol - Est\u00e1dio Mineir\u00e3o\" \/>\n<meta property=\"og:description\" content=\"Conhe\u00e7a o Museu Brasileiro do Futebol, localizado no Gigante da Pampulha, veja: endere\u00e7o, ingressos, pre\u00e7os, hor\u00e1rios e mais!\" \/>\n<meta property=\"og:url\" content=\"https:\/\/www.estadios.net\/mineirao\/museu-brasileiro-do-futebol-estadio-mineirao\/\" \/>\n<meta property=\"og:site_name\" content=\"Est\u00e1dio do Mineir\u00e3o\" \/>\n<meta property=\"og:image\" content=\"https:\/\/www.estadios.net\/mineirao\/wp-content\/uploads\/2018\/02\/mbf.jpg\" \/>\n<meta name=\"twitter:card\" content=\"summary_large_image\" \/>\n<meta name=\"twitter:label1\" content=\"Est. tempo de leitura\" \/>\n\t<meta name=\"twitter:data1\" content=\"3 minutos\" \/>\n<script type=\"application\/ld+json\" class=\"yoast-schema-graph\">{\"@context\":\"https:\/\/schema.org\",\"@graph\":[{\"@type\":\"WebPage\",\"@id\":\"https:\/\/www.estadios.net\/mineirao\/museu-brasileiro-do-futebol-estadio-mineirao\/\",\"url\":\"https:\/\/www.estadios.net\/mineirao\/museu-brasileiro-do-futebol-estadio-mineirao\/\",\"name\":\"Museu Brasileiro do Futebol - Est\u00e1dio Mineir\u00e3o\",\"isPartOf\":{\"@id\":\"https:\/\/www.estadios.net\/mineirao\/#website\"},\"primaryImageOfPage\":{\"@id\":\"https:\/\/www.estadios.net\/mineirao\/museu-brasileiro-do-futebol-estadio-mineirao\/#primaryimage\"},\"image\":{\"@id\":\"https:\/\/www.estadios.net\/mineirao\/museu-brasileiro-do-futebol-estadio-mineirao\/#primaryimage\"},\"thumbnailUrl\":\"https:\/\/www.estadios.net\/mineirao\/wp-content\/uploads\/2018\/02\/mbf.jpg\",\"datePublished\":\"2018-02-06T18:04:37+00:00\",\"description\":\"Conhe\u00e7a o Museu Brasileiro do Futebol, localizado no Gigante da Pampulha, veja: endere\u00e7o, ingressos, pre\u00e7os, hor\u00e1rios e mais!\",\"breadcrumb\":{\"@id\":\"https:\/\/www.estadios.net\/mineirao\/museu-brasileiro-do-futebol-estadio-mineirao\/#breadcrumb\"},\"inLanguage\":\"pt-BR\",\"potentialAction\":[{\"@type\":\"ReadAction\",\"target\":[\"https:\/\/www.estadios.net\/mineirao\/museu-brasileiro-do-futebol-estadio-mineirao\/\"]}]},{\"@type\":\"ImageObject\",\"inLanguage\":\"pt-BR\",\"@id\":\"https:\/\/www.estadios.net\/mineirao\/museu-brasileiro-do-futebol-estadio-mineirao\/#primaryimage\",\"url\":\"\",\"contentUrl\":\"\"},{\"@type\":\"BreadcrumbList\",\"@id\":\"https:\/\/www.estadios.net\/mineirao\/museu-brasileiro-do-futebol-estadio-mineirao\/#breadcrumb\",\"itemListElement\":[{\"@type\":\"ListItem\",\"position\":1,\"name\":\"In\u00edcio\",\"item\":\"https:\/\/www.estadios.net\/mineirao\/\"},{\"@type\":\"ListItem\",\"position\":2,\"name\":\"Museu Brasileiro do Futebol &#8211; Est\u00e1dio Mineir\u00e3o\"}]},{\"@type\":\"WebSite\",\"@id\":\"https:\/\/www.estadios.net\/mineirao\/#website\",\"url\":\"https:\/\/www.estadios.net\/mineirao\/\",\"name\":\"Est\u00e1dio do Mineir\u00e3o\",\"description\":\"Est\u00e1dio do Mineir\u00e3o\",\"potentialAction\":[{\"@type\":\"SearchAction\",\"target\":{\"@type\":\"EntryPoint\",\"urlTemplate\":\"https:\/\/www.estadios.net\/mineirao\/?s={search_term_string}\"},\"query-input\":{\"@type\":\"PropertyValueSpecification\",\"valueRequired\":true,\"valueName\":\"search_term_string\"}}],\"inLanguage\":\"pt-BR\"}]}<\/script>\n<!-- \/ Yoast SEO plugin. -->","yoast_head_json":{"title":"Museu Brasileiro do Futebol - Est\u00e1dio Mineir\u00e3o","description":"Conhe\u00e7a o Museu Brasileiro do Futebol, localizado no Gigante da Pampulha, veja: endere\u00e7o, ingressos, pre\u00e7os, hor\u00e1rios e mais!","robots":{"index":"index","follow":"follow","max-snippet":"max-snippet:-1","max-image-preview":"max-image-preview:large","max-video-preview":"max-video-preview:-1"},"canonical":"https:\/\/www.estadios.net\/mineirao\/museu-brasileiro-do-futebol-estadio-mineirao\/","og_locale":"pt_BR","og_type":"article","og_title":"Museu Brasileiro do Futebol - Est\u00e1dio Mineir\u00e3o","og_description":"Conhe\u00e7a o Museu Brasileiro do Futebol, localizado no Gigante da Pampulha, veja: endere\u00e7o, ingressos, pre\u00e7os, hor\u00e1rios e mais!","og_url":"https:\/\/www.estadios.net\/mineirao\/museu-brasileiro-do-futebol-estadio-mineirao\/","og_site_name":"Est\u00e1dio do Mineir\u00e3o","og_image":[{"url":"https:\/\/www.estadios.net\/mineirao\/wp-content\/uploads\/2018\/02\/mbf.jpg","type":"","width":"","height":""}],"twitter_card":"summary_large_image","twitter_misc":{"Est. tempo de leitura":"3 minutos"},"schema":{"@context":"https:\/\/schema.org","@graph":[{"@type":"WebPage","@id":"https:\/\/www.estadios.net\/mineirao\/museu-brasileiro-do-futebol-estadio-mineirao\/","url":"https:\/\/www.estadios.net\/mineirao\/museu-brasileiro-do-futebol-estadio-mineirao\/","name":"Museu Brasileiro do Futebol - Est\u00e1dio Mineir\u00e3o","isPartOf":{"@id":"https:\/\/www.estadios.net\/mineirao\/#website"},"primaryImageOfPage":{"@id":"https:\/\/www.estadios.net\/mineirao\/museu-brasileiro-do-futebol-estadio-mineirao\/#primaryimage"},"image":{"@id":"https:\/\/www.estadios.net\/mineirao\/museu-brasileiro-do-futebol-estadio-mineirao\/#primaryimage"},"thumbnailUrl":"https:\/\/www.estadios.net\/mineirao\/wp-content\/uploads\/2018\/02\/mbf.jpg","datePublished":"2018-02-06T18:04:37+00:00","description":"Conhe\u00e7a o Museu Brasileiro do Futebol, localizado no Gigante da Pampulha, veja: endere\u00e7o, ingressos, pre\u00e7os, hor\u00e1rios e mais!","breadcrumb":{"@id":"https:\/\/www.estadios.net\/mineirao\/museu-brasileiro-do-futebol-estadio-mineirao\/#breadcrumb"},"inLanguage":"pt-BR","potentialAction":[{"@type":"ReadAction","target":["https:\/\/www.estadios.net\/mineirao\/museu-brasileiro-do-futebol-estadio-mineirao\/"]}]},{"@type":"ImageObject","inLanguage":"pt-BR","@id":"https:\/\/www.estadios.net\/mineirao\/museu-brasileiro-do-futebol-estadio-mineirao\/#primaryimage","url":"","contentUrl":""},{"@type":"BreadcrumbList","@id":"https:\/\/www.estadios.net\/mineirao\/museu-brasileiro-do-futebol-estadio-mineirao\/#breadcrumb","itemListElement":[{"@type":"ListItem","position":1,"name":"In\u00edcio","item":"https:\/\/www.estadios.net\/mineirao\/"},{"@type":"ListItem","position":2,"name":"Museu Brasileiro do Futebol &#8211; Est\u00e1dio Mineir\u00e3o"}]},{"@type":"WebSite","@id":"https:\/\/www.estadios.net\/mineirao\/#website","url":"https:\/\/www.estadios.net\/mineirao\/","name":"Est\u00e1dio do Mineir\u00e3o","description":"Est\u00e1dio do Mineir\u00e3o","potentialAction":[{"@type":"SearchAction","target":{"@type":"EntryPoint","urlTemplate":"https:\/\/www.estadios.net\/mineirao\/?s={search_term_string}"},"query-input":{"@type":"PropertyValueSpecification","valueRequired":true,"valueName":"search_term_string"}}],"inLanguage":"pt-BR"}]}},"_links":{"self":[{"href":"https:\/\/www.estadios.net\/mineirao\/wp-json\/wp\/v2\/pages\/1191","targetHints":{"allow":["GET"]}}],"collection":[{"href":"https:\/\/www.estadios.net\/mineirao\/wp-json\/wp\/v2\/pages"}],"about":[{"href":"https:\/\/www.estadios.net\/mineirao\/wp-json\/wp\/v2\/types\/page"}],"author":[{"embeddable":true,"href":"https:\/\/www.estadios.net\/mineirao\/wp-json\/wp\/v2\/users\/1"}],"replies":[{"embeddable":true,"href":"https:\/\/www.estadios.net\/mineirao\/wp-json\/wp\/v2\/comments?post=1191"}],"version-history":[{"count":0,"href":"https:\/\/www.estadios.net\/mineirao\/wp-json\/wp\/v2\/pages\/1191\/revisions"}],"wp:attachment":[{"href":"https:\/\/www.estadios.net\/mineirao\/wp-json\/wp\/v2\/media?parent=1191"}],"curies":[{"name":"wp","href":"https:\/\/api.w.org\/{rel}","templated":true}]}}